{"id":7894,"date":"2026-01-31T11:17:41","date_gmt":"2026-01-31T08:17:41","guid":{"rendered":"https:\/\/karabukcicek.com\/index.php\/urun\/ilkim14\/"},"modified":"2026-01-31T11:17:41","modified_gmt":"2026-01-31T08:17:41","slug":"ilkim14","status":"publish","type":"product","link":"https:\/\/karabukcicek.com\/?product=ilkim14","title":{"rendered":"ilkim14"},"content":{"rendered":"<p>\u00e7\u0131t\u0131 p\u0131t\u0131<\/p>\n","protected":false},"excerpt":{"rendered":"<p>\u00e7\u0131t\u0131 p\u0131t\u0131<\/p>\n","protected":false},"featured_media":7893,"comment_status":"open","ping_status":"closed","template":"","meta":[],"product_brand":[],"product_cat":[82,83,70,80,68,71,72],"product_tag":[],"class_list":{"0":"post-7894","1":"product","2":"type-product","3":"status-publish","4":"has-post-thumbnail","6":"product_cat-dogum-hediyesi","7":"product_cat-buketler","8":"product_cat-butik-tasarimlar","9":"product_cat-cicek","10":"product_cat-dogum-gunu","11":"product_cat-firsat-urunleri","12":"product_cat-ozur-dilerim","14":"first","15":"instock","16":"taxable","17":"shipping-taxable","18":"purchasable","19":"product-type-simple"},"_links":{"self":[{"href":"https:\/\/karabukcicek.com\/index.php?rest_route=\/wp\/v2\/product\/7894","targetHints":{"allow":["GET"]}}],"collection":[{"href":"https:\/\/karabukcicek.com\/index.php?rest_route=\/wp\/v2\/product"}],"about":[{"href":"https:\/\/karabukcicek.com\/index.php?rest_route=\/wp\/v2\/types\/product"}],"replies":[{"embeddable":true,"href":"https:\/\/karabukcicek.com\/index.php?rest_route=%2Fwp%2Fv2%2Fcomments&post=7894"}],"wp:featuredmedia":[{"embeddable":true,"href":"https:\/\/karabukcicek.com\/index.php?rest_route=\/wp\/v2\/media\/7893"}],"wp:attachment":[{"href":"https:\/\/karabukcicek.com\/index.php?rest_route=%2Fwp%2Fv2%2Fmedia&parent=7894"}],"wp:term":[{"taxonomy":"product_brand","embeddable":true,"href":"https:\/\/karabukcicek.com\/index.php?rest_route=%2Fwp%2Fv2%2Fproduct_brand&post=7894"},{"taxonomy":"product_cat","embeddable":true,"href":"https:\/\/karabukcicek.com\/index.php?rest_route=%2Fwp%2Fv2%2Fproduct_cat&post=7894"},{"taxonomy":"product_tag","embeddable":true,"href":"https:\/\/karabukcicek.com\/index.php?rest_route=%2Fwp%2Fv2%2Fproduct_tag&post=7894"}],"curies":[{"name":"wp","href":"https:\/\/api.w.org\/{rel}","templated":true}]}}