{"id":7878,"date":"2026-01-31T11:01:50","date_gmt":"2026-01-31T08:01:50","guid":{"rendered":"https:\/\/karabukcicek.com\/index.php\/urun\/ilkim07\/"},"modified":"2026-01-31T11:01:50","modified_gmt":"2026-01-31T08:01:50","slug":"ilkim07","status":"publish","type":"product","link":"https:\/\/karabukcicek.com\/?product=ilkim07","title":{"rendered":"ilkim07"},"content":{"rendered":"<p>\u015f\u0131k tasar\u0131mlar<\/p>\n<p>\u00f6zel tasar\u0131m \u00e7anta i\u00e7erisinde g\u00fcller<\/p>\n","protected":false},"excerpt":{"rendered":"<p>\u015f\u0131k tasar\u0131mlar \u00f6zel tasar\u0131m \u00e7anta i\u00e7erisinde g\u00fcller<\/p>\n","protected":false},"featured_media":7877,"comment_status":"open","ping_status":"closed","template":"","meta":[],"product_brand":[],"product_cat":[82,70,80,68,71,73,72],"product_tag":[],"class_list":{"0":"post-7878","1":"product","2":"type-product","3":"status-publish","4":"has-post-thumbnail","6":"product_cat-dogum-hediyesi","7":"product_cat-butik-tasarimlar","8":"product_cat-cicek","9":"product_cat-dogum-gunu","10":"product_cat-firsat-urunleri","11":"product_cat-guller","12":"product_cat-ozur-dilerim","14":"first","15":"instock","16":"taxable","17":"shipping-taxable","18":"purchasable","19":"product-type-simple"},"_links":{"self":[{"href":"https:\/\/karabukcicek.com\/index.php?rest_route=\/wp\/v2\/product\/7878","targetHints":{"allow":["GET"]}}],"collection":[{"href":"https:\/\/karabukcicek.com\/index.php?rest_route=\/wp\/v2\/product"}],"about":[{"href":"https:\/\/karabukcicek.com\/index.php?rest_route=\/wp\/v2\/types\/product"}],"replies":[{"embeddable":true,"href":"https:\/\/karabukcicek.com\/index.php?rest_route=%2Fwp%2Fv2%2Fcomments&post=7878"}],"wp:featuredmedia":[{"embeddable":true,"href":"https:\/\/karabukcicek.com\/index.php?rest_route=\/wp\/v2\/media\/7877"}],"wp:attachment":[{"href":"https:\/\/karabukcicek.com\/index.php?rest_route=%2Fwp%2Fv2%2Fmedia&parent=7878"}],"wp:term":[{"taxonomy":"product_brand","embeddable":true,"href":"https:\/\/karabukcicek.com\/index.php?rest_route=%2Fwp%2Fv2%2Fproduct_brand&post=7878"},{"taxonomy":"product_cat","embeddable":true,"href":"https:\/\/karabukcicek.com\/index.php?rest_route=%2Fwp%2Fv2%2Fproduct_cat&post=7878"},{"taxonomy":"product_tag","embeddable":true,"href":"https:\/\/karabukcicek.com\/index.php?rest_route=%2Fwp%2Fv2%2Fproduct_tag&post=7878"}],"curies":[{"name":"wp","href":"https:\/\/api.w.org\/{rel}","templated":true}]}}