{"id":7646,"date":"2025-11-13T09:30:11","date_gmt":"2025-11-13T06:30:11","guid":{"rendered":"https:\/\/karabukcicek.com\/index.php\/urun\/sana-cok-yakisti\/"},"modified":"2025-11-13T09:30:11","modified_gmt":"2025-11-13T06:30:11","slug":"sana-cok-yakisti","status":"publish","type":"product","link":"https:\/\/karabukcicek.com\/?product=sana-cok-yakisti","title":{"rendered":"Sana \u00e7ok yak\u0131\u015ft\u0131"},"content":{"rendered":"<p>\u00d6zel tasar\u0131m ile sevdi\u011finizi net bir \u015fekilde ifade etmenin yoludur ilkim flowers farkl\u0131 tasar\u0131m ve modeller i\u00e7in whatsapp hatt\u0131m\u0131zdan ileti\u015fime ge\u00e7ebilirsinizzz.<\/p>\n","protected":false},"excerpt":{"rendered":"<p>\u00d6zel tasar\u0131m ile sevdi\u011finizi net bir \u015fekilde ifade etmenin yoludur ilkim flowers farkl\u0131 tasar\u0131m ve modeller i\u00e7in whatsapp hatt\u0131m\u0131zdan ileti\u015fime ge\u00e7ebilirsinizzz.<\/p>\n","protected":false},"featured_media":7644,"comment_status":"open","ping_status":"closed","template":"","meta":[],"product_brand":[],"product_cat":[70,80,68,73,79,72,75],"product_tag":[],"class_list":{"0":"post-7646","1":"product","2":"type-product","3":"status-publish","4":"has-post-thumbnail","6":"product_cat-butik-tasarimlar","7":"product_cat-cicek","8":"product_cat-dogum-gunu","9":"product_cat-guller","10":"product_cat-lilyum","11":"product_cat-ozur-dilerim","12":"product_cat-yeni-is-terfiye","14":"first","15":"instock","16":"taxable","17":"shipping-taxable","18":"purchasable","19":"product-type-simple"},"_links":{"self":[{"href":"https:\/\/karabukcicek.com\/index.php?rest_route=\/wp\/v2\/product\/7646","targetHints":{"allow":["GET"]}}],"collection":[{"href":"https:\/\/karabukcicek.com\/index.php?rest_route=\/wp\/v2\/product"}],"about":[{"href":"https:\/\/karabukcicek.com\/index.php?rest_route=\/wp\/v2\/types\/product"}],"replies":[{"embeddable":true,"href":"https:\/\/karabukcicek.com\/index.php?rest_route=%2Fwp%2Fv2%2Fcomments&post=7646"}],"wp:featuredmedia":[{"embeddable":true,"href":"https:\/\/karabukcicek.com\/index.php?rest_route=\/wp\/v2\/media\/7644"}],"wp:attachment":[{"href":"https:\/\/karabukcicek.com\/index.php?rest_route=%2Fwp%2Fv2%2Fmedia&parent=7646"}],"wp:term":[{"taxonomy":"product_brand","embeddable":true,"href":"https:\/\/karabukcicek.com\/index.php?rest_route=%2Fwp%2Fv2%2Fproduct_brand&post=7646"},{"taxonomy":"product_cat","embeddable":true,"href":"https:\/\/karabukcicek.com\/index.php?rest_route=%2Fwp%2Fv2%2Fproduct_cat&post=7646"},{"taxonomy":"product_tag","embeddable":true,"href":"https:\/\/karabukcicek.com\/index.php?rest_route=%2Fwp%2Fv2%2Fproduct_tag&post=7646"}],"curies":[{"name":"wp","href":"https:\/\/api.w.org\/{rel}","templated":true}]}}