{"id":7643,"date":"2025-11-13T09:26:35","date_gmt":"2025-11-13T06:26:35","guid":{"rendered":"https:\/\/karabukcicek.com\/index.php\/urun\/cok-tatlisin\/"},"modified":"2025-11-13T09:26:35","modified_gmt":"2025-11-13T06:26:35","slug":"cok-tatlisin","status":"publish","type":"product","link":"https:\/\/karabukcicek.com\/?product=cok-tatlisin","title":{"rendered":"\u00c7ok Tatl\u0131s\u0131n"},"content":{"rendered":"<p>\u00c7ikolata severleri Kalbim elinde buketi ile tatl\u0131 ve huzur verici bir tasar\u0131m ile kar\u015f\u0131l\u0131yoruz. Kullan\u0131lan \u00e7i\u00e7ek ve \u00e7ikolatalar sizlerin tercihi \u00fczerine se\u00e7iliyor bu nedenle whatsap \u00fczerinden farkl\u0131 tasar\u0131m i\u00e7in ileti\u015fime ge\u00e7ebilirsiniz&#8230;<\/p>\n","protected":false},"excerpt":{"rendered":"<p>\u00c7ikolata severleri Kalbim elinde buketi ile tatl\u0131 ve huzur verici bir tasar\u0131m ile kar\u015f\u0131l\u0131yoruz. Kullan\u0131lan \u00e7i\u00e7ek ve \u00e7ikolatalar sizlerin tercihi \u00fczerine se\u00e7iliyor bu nedenle whatsap \u00fczerinden farkl\u0131 tasar\u0131m i\u00e7in ileti\u015fime ge\u00e7ebilirsiniz&#8230;<\/p>\n","protected":false},"featured_media":7641,"comment_status":"open","ping_status":"closed","template":"","meta":[],"product_brand":[],"product_cat":[70,80,68,71,73,79,72,75],"product_tag":[],"class_list":{"0":"post-7643","1":"product","2":"type-product","3":"status-publish","4":"has-post-thumbnail","6":"product_cat-butik-tasarimlar","7":"product_cat-cicek","8":"product_cat-dogum-gunu","9":"product_cat-firsat-urunleri","10":"product_cat-guller","11":"product_cat-lilyum","12":"product_cat-ozur-dilerim","13":"product_cat-yeni-is-terfiye","15":"first","16":"instock","17":"taxable","18":"shipping-taxable","19":"purchasable","20":"product-type-simple"},"_links":{"self":[{"href":"https:\/\/karabukcicek.com\/index.php?rest_route=\/wp\/v2\/product\/7643","targetHints":{"allow":["GET"]}}],"collection":[{"href":"https:\/\/karabukcicek.com\/index.php?rest_route=\/wp\/v2\/product"}],"about":[{"href":"https:\/\/karabukcicek.com\/index.php?rest_route=\/wp\/v2\/types\/product"}],"replies":[{"embeddable":true,"href":"https:\/\/karabukcicek.com\/index.php?rest_route=%2Fwp%2Fv2%2Fcomments&post=7643"}],"wp:featuredmedia":[{"embeddable":true,"href":"https:\/\/karabukcicek.com\/index.php?rest_route=\/wp\/v2\/media\/7641"}],"wp:attachment":[{"href":"https:\/\/karabukcicek.com\/index.php?rest_route=%2Fwp%2Fv2%2Fmedia&parent=7643"}],"wp:term":[{"taxonomy":"product_brand","embeddable":true,"href":"https:\/\/karabukcicek.com\/index.php?rest_route=%2Fwp%2Fv2%2Fproduct_brand&post=7643"},{"taxonomy":"product_cat","embeddable":true,"href":"https:\/\/karabukcicek.com\/index.php?rest_route=%2Fwp%2Fv2%2Fproduct_cat&post=7643"},{"taxonomy":"product_tag","embeddable":true,"href":"https:\/\/karabukcicek.com\/index.php?rest_route=%2Fwp%2Fv2%2Fproduct_tag&post=7643"}],"curies":[{"name":"wp","href":"https:\/\/api.w.org\/{rel}","templated":true}]}}