{"id":7640,"date":"2025-11-13T09:22:46","date_gmt":"2025-11-13T06:22:46","guid":{"rendered":"https:\/\/karabukcicek.com\/index.php\/urun\/ozel-tasarim\/"},"modified":"2025-11-13T09:22:46","modified_gmt":"2025-11-13T06:22:46","slug":"ozel-tasarim","status":"publish","type":"product","link":"https:\/\/karabukcicek.com\/?product=ozel-tasarim","title":{"rendered":"\u00d6zel tasar\u0131m"},"content":{"rendered":"<p>Herkes hayal kurar ama ilkim flowers hayalleri sanata d\u00f6n\u00fc\u015ft\u00fcrerek sizleri mutlulu\u011fa ula\u015ft\u0131r\u0131r&#8230;<\/p>\n","protected":false},"excerpt":{"rendered":"<p>Herkes hayal kurar ama ilkim flowers hayalleri sanata d\u00f6n\u00fc\u015ft\u00fcrerek sizleri mutlulu\u011fa ula\u015ft\u0131r\u0131r&#8230;<\/p>\n","protected":false},"featured_media":7639,"comment_status":"open","ping_status":"closed","template":"","meta":[],"product_brand":[],"product_cat":[70,80,68,71,72,81,74,77,75],"product_tag":[],"class_list":{"0":"post-7640","1":"product","2":"type-product","3":"status-publish","4":"has-post-thumbnail","6":"product_cat-butik-tasarimlar","7":"product_cat-cicek","8":"product_cat-dogum-gunu","9":"product_cat-firsat-urunleri","10":"product_cat-ozur-dilerim","11":"product_cat-saksi-cicekleri-2","12":"product_cat-saksi-cicekleri","13":"product_cat-sepette-cicek","14":"product_cat-yeni-is-terfiye","16":"first","17":"instock","18":"taxable","19":"shipping-taxable","20":"purchasable","21":"product-type-simple"},"_links":{"self":[{"href":"https:\/\/karabukcicek.com\/index.php?rest_route=\/wp\/v2\/product\/7640","targetHints":{"allow":["GET"]}}],"collection":[{"href":"https:\/\/karabukcicek.com\/index.php?rest_route=\/wp\/v2\/product"}],"about":[{"href":"https:\/\/karabukcicek.com\/index.php?rest_route=\/wp\/v2\/types\/product"}],"replies":[{"embeddable":true,"href":"https:\/\/karabukcicek.com\/index.php?rest_route=%2Fwp%2Fv2%2Fcomments&post=7640"}],"wp:featuredmedia":[{"embeddable":true,"href":"https:\/\/karabukcicek.com\/index.php?rest_route=\/wp\/v2\/media\/7639"}],"wp:attachment":[{"href":"https:\/\/karabukcicek.com\/index.php?rest_route=%2Fwp%2Fv2%2Fmedia&parent=7640"}],"wp:term":[{"taxonomy":"product_brand","embeddable":true,"href":"https:\/\/karabukcicek.com\/index.php?rest_route=%2Fwp%2Fv2%2Fproduct_brand&post=7640"},{"taxonomy":"product_cat","embeddable":true,"href":"https:\/\/karabukcicek.com\/index.php?rest_route=%2Fwp%2Fv2%2Fproduct_cat&post=7640"},{"taxonomy":"product_tag","embeddable":true,"href":"https:\/\/karabukcicek.com\/index.php?rest_route=%2Fwp%2Fv2%2Fproduct_tag&post=7640"}],"curies":[{"name":"wp","href":"https:\/\/api.w.org\/{rel}","templated":true}]}}