{"id":7633,"date":"2025-11-08T14:17:55","date_gmt":"2025-11-08T11:17:55","guid":{"rendered":"https:\/\/karabukcicek.com\/index.php\/urun\/senden-once-senden-sonra-tasarim-harikasi\/"},"modified":"2025-11-08T14:17:55","modified_gmt":"2025-11-08T11:17:55","slug":"senden-once-senden-sonra-tasarim-harikasi","status":"publish","type":"product","link":"https:\/\/karabukcicek.com\/?product=senden-once-senden-sonra-tasarim-harikasi","title":{"rendered":"Senden \u00f6nce Senden sonra tasar\u0131m harikas\u0131"},"content":{"rendered":"<p>Hayat\u0131m\u0131 ayd\u0131nlatan kalbime \u00e7i\u00e7ekler a\u00e7t\u0131ran\u0131m diye d\u00fc\u015f\u00fcn\u00fcyorsan E\u011fer i\u015fte tam seni anlatan bir tasar\u0131m&#8230;.<\/p>\n","protected":false},"excerpt":{"rendered":"<p>Hayat\u0131m\u0131 ayd\u0131nlatan kalbime \u00e7i\u00e7ekler a\u00e7t\u0131ran\u0131m diye d\u00fc\u015f\u00fcn\u00fcyorsan E\u011fer i\u015fte tam seni anlatan bir tasar\u0131m&#8230;.<\/p>\n","protected":false},"featured_media":7632,"comment_status":"open","ping_status":"closed","template":"","meta":[],"product_brand":[],"product_cat":[70,80,68,71,72],"product_tag":[],"class_list":{"0":"post-7633","1":"product","2":"type-product","3":"status-publish","4":"has-post-thumbnail","6":"product_cat-butik-tasarimlar","7":"product_cat-cicek","8":"product_cat-dogum-gunu","9":"product_cat-firsat-urunleri","10":"product_cat-ozur-dilerim","12":"first","13":"instock","14":"taxable","15":"shipping-taxable","16":"purchasable","17":"product-type-simple"},"_links":{"self":[{"href":"https:\/\/karabukcicek.com\/index.php?rest_route=\/wp\/v2\/product\/7633","targetHints":{"allow":["GET"]}}],"collection":[{"href":"https:\/\/karabukcicek.com\/index.php?rest_route=\/wp\/v2\/product"}],"about":[{"href":"https:\/\/karabukcicek.com\/index.php?rest_route=\/wp\/v2\/types\/product"}],"replies":[{"embeddable":true,"href":"https:\/\/karabukcicek.com\/index.php?rest_route=%2Fwp%2Fv2%2Fcomments&post=7633"}],"wp:featuredmedia":[{"embeddable":true,"href":"https:\/\/karabukcicek.com\/index.php?rest_route=\/wp\/v2\/media\/7632"}],"wp:attachment":[{"href":"https:\/\/karabukcicek.com\/index.php?rest_route=%2Fwp%2Fv2%2Fmedia&parent=7633"}],"wp:term":[{"taxonomy":"product_brand","embeddable":true,"href":"https:\/\/karabukcicek.com\/index.php?rest_route=%2Fwp%2Fv2%2Fproduct_brand&post=7633"},{"taxonomy":"product_cat","embeddable":true,"href":"https:\/\/karabukcicek.com\/index.php?rest_route=%2Fwp%2Fv2%2Fproduct_cat&post=7633"},{"taxonomy":"product_tag","embeddable":true,"href":"https:\/\/karabukcicek.com\/index.php?rest_route=%2Fwp%2Fv2%2Fproduct_tag&post=7633"}],"curies":[{"name":"wp","href":"https:\/\/api.w.org\/{rel}","templated":true}]}}