{"id":7628,"date":"2025-11-08T13:58:56","date_gmt":"2025-11-08T10:58:56","guid":{"rendered":"https:\/\/karabukcicek.com\/index.php\/urun\/urun\/"},"modified":"2025-11-08T14:05:33","modified_gmt":"2025-11-08T11:05:33","slug":"urun","status":"publish","type":"product","link":"https:\/\/karabukcicek.com\/?product=urun","title":{"rendered":"G\u00f6zlerimi alam\u0131yorum"},"content":{"rendered":"<p>Muhte\u015fem tasar\u0131m\u0131 ile g\u00f6zlerinizi alamayaca\u011f\u0131n\u0131z bir g\u00fczellik sizde sevdi\u011finizi mutlu edin&#8230;<\/p>\n","protected":false},"excerpt":{"rendered":"<p>Muhte\u015fem tasar\u0131m\u0131 ile g\u00f6zlerinizi alamayaca\u011f\u0131n\u0131z bir g\u00fczellik sizde sevdi\u011finizi mutlu edin&#8230;<\/p>\n","protected":false},"featured_media":7625,"comment_status":"open","ping_status":"closed","template":"","meta":[],"product_brand":[],"product_cat":[15],"product_tag":[],"class_list":{"0":"post-7628","1":"product","2":"type-product","3":"status-publish","4":"has-post-thumbnail","6":"product_cat-genel","8":"first","9":"instock","10":"taxable","11":"shipping-taxable","12":"purchasable","13":"product-type-simple"},"_links":{"self":[{"href":"https:\/\/karabukcicek.com\/index.php?rest_route=\/wp\/v2\/product\/7628","targetHints":{"allow":["GET"]}}],"collection":[{"href":"https:\/\/karabukcicek.com\/index.php?rest_route=\/wp\/v2\/product"}],"about":[{"href":"https:\/\/karabukcicek.com\/index.php?rest_route=\/wp\/v2\/types\/product"}],"replies":[{"embeddable":true,"href":"https:\/\/karabukcicek.com\/index.php?rest_route=%2Fwp%2Fv2%2Fcomments&post=7628"}],"wp:featuredmedia":[{"embeddable":true,"href":"https:\/\/karabukcicek.com\/index.php?rest_route=\/wp\/v2\/media\/7625"}],"wp:attachment":[{"href":"https:\/\/karabukcicek.com\/index.php?rest_route=%2Fwp%2Fv2%2Fmedia&parent=7628"}],"wp:term":[{"taxonomy":"product_brand","embeddable":true,"href":"https:\/\/karabukcicek.com\/index.php?rest_route=%2Fwp%2Fv2%2Fproduct_brand&post=7628"},{"taxonomy":"product_cat","embeddable":true,"href":"https:\/\/karabukcicek.com\/index.php?rest_route=%2Fwp%2Fv2%2Fproduct_cat&post=7628"},{"taxonomy":"product_tag","embeddable":true,"href":"https:\/\/karabukcicek.com\/index.php?rest_route=%2Fwp%2Fv2%2Fproduct_tag&post=7628"}],"curies":[{"name":"wp","href":"https:\/\/api.w.org\/{rel}","templated":true}]}}