{"id":7600,"date":"2025-10-17T14:28:56","date_gmt":"2025-10-17T11:28:56","guid":{"rendered":"https:\/\/ilkim.orionacreative.com\/?post_type=product&#038;p=7600"},"modified":"2026-01-31T10:38:26","modified_gmt":"2026-01-31T07:38:26","slug":"beautiful-seasonal-garden","status":"publish","type":"product","link":"https:\/\/karabukcicek.com\/?product=beautiful-seasonal-garden","title":{"rendered":"Beautiful Seasonal Garden"},"content":{"rendered":"<h2>Beautiful Seasonal Garden A\u00e7\u0131klama<\/h2>\n<div>Beautiful Seasonal Garden Hakk\u0131nda Neler S\u00f6yleyebiliriz ?<\/div>\n<p>Beautiful Seasonal Garden, Floral Designers ekibimizin \u00f6zenle konseptini haz\u0131rlad\u0131\u011f\u0131, yaz mevsimini ya\u015fatacak harika bir derlemedir.<\/p>\n<p>Beautiful Seasonal Garden\u00a0seramik i\u00e7erisinde s\u00fcnger bulunmaktad\u0131r. Pembe ve\u00a0 Beyaz papatyalar\u00a0s\u00fcnger i\u00e7erisine \u0131slak s\u00fcnger i\u00e7ine sapl\u0131 oldu\u011fundan s\u00fcnger&#8217;in \u0131slakl\u0131k derecesi kontrol edilmelidir. \u00c7i\u00e7eklerinizde bay\u0131lma meydana geldi\u011finde onlar\u0131nda birer canl\u0131 oldu\u011funu d\u00fc\u015f\u00fcnerek saplar\u0131n\u0131 tazeleyerek tekrar \u0131slak s\u00fcnger \u00fczerine saplayabiliriz<\/p>\n<p>Beautiful Seasonal Garden altl\u0131k olarak seramik\u00a0kullan\u0131lm\u0131\u015ft\u0131r. Direk g\u00fcne\u015f \u0131\u015f\u0131\u011f\u0131 ald\u0131\u011f\u0131nda \u00e7i\u00e7eklerde solmalar\u00a0meydana gelebilir, oda s\u0131cakl\u0131\u011f\u0131nda ofis ,ev i\u015fyerleri i\u00e7in \u00e7ok uygundur.\u0130\u00e7erisinde bulunan \u00fcr\u00fcnlerde mevsimsel ve b\u00f6lgesel yeti\u015ftirilme durumuna ba\u011fl\u0131 renk farkl\u0131l\u0131klar\u0131 g\u00f6r\u00fclmektedir.<\/p>\n<p>Beautiful Seasonal Garden \u00fcr\u00fcn\u00fcm\u00fcz\u00fcn i\u00e7erisinde\u00a0<strong>Pembe ve beyaz papatyalar\u00a0\u00a0, orkide\u00a0<\/strong>ve xenium ye\u015fillikler mevcut olup sevdiklerinizin g\u00fcndelik hayat\u0131na keyif katabilecek harika bir hediyedir.<\/p>\n<p>\u00dcr\u00fcn boyutu : 15-20 cm aral\u0131klar\u0131ndad\u0131r.<\/p>\n","protected":false},"excerpt":{"rendered":"<p>Beautiful Seasonal Garden A\u00e7\u0131klama Beautiful Seasonal Garden Hakk\u0131nda Neler S\u00f6yleyebiliriz ? Beautiful Seasonal Garden, Floral Designers ekibimizin \u00f6zenle konseptini haz\u0131rlad\u0131\u011f\u0131, yaz mevsimini ya\u015fatacak harika bir derlemedir. Beautiful Seasonal Garden\u00a0seramik i\u00e7erisinde s\u00fcnger bulunmaktad\u0131r. Pembe ve\u00a0 Beyaz papatyalar\u00a0s\u00fcnger i\u00e7erisine \u0131slak s\u00fcnger i\u00e7ine sapl\u0131 oldu\u011fundan s\u00fcnger&#8217;in \u0131slakl\u0131k derecesi kontrol edilmelidir. \u00c7i\u00e7eklerinizde bay\u0131lma meydana geldi\u011finde onlar\u0131nda birer canl\u0131 oldu\u011funu d\u00fc\u015f\u00fcnerek saplar\u0131n\u0131 tazeleyerek tekrar \u0131slak\u2026<\/p>\n","protected":false},"featured_media":7610,"comment_status":"open","ping_status":"closed","template":"","meta":[],"product_brand":[],"product_cat":[15,74],"product_tag":[],"class_list":{"0":"post-7600","1":"product","2":"type-product","3":"status-publish","4":"has-post-thumbnail","6":"product_cat-genel","7":"product_cat-saksi-cicekleri","9":"first","10":"instock","11":"taxable","12":"shipping-taxable","13":"purchasable","14":"product-type-simple"},"_links":{"self":[{"href":"https:\/\/karabukcicek.com\/index.php?rest_route=\/wp\/v2\/product\/7600","targetHints":{"allow":["GET"]}}],"collection":[{"href":"https:\/\/karabukcicek.com\/index.php?rest_route=\/wp\/v2\/product"}],"about":[{"href":"https:\/\/karabukcicek.com\/index.php?rest_route=\/wp\/v2\/types\/product"}],"replies":[{"embeddable":true,"href":"https:\/\/karabukcicek.com\/index.php?rest_route=%2Fwp%2Fv2%2Fcomments&post=7600"}],"wp:featuredmedia":[{"embeddable":true,"href":"https:\/\/karabukcicek.com\/index.php?rest_route=\/wp\/v2\/media\/7610"}],"wp:attachment":[{"href":"https:\/\/karabukcicek.com\/index.php?rest_route=%2Fwp%2Fv2%2Fmedia&parent=7600"}],"wp:term":[{"taxonomy":"product_brand","embeddable":true,"href":"https:\/\/karabukcicek.com\/index.php?rest_route=%2Fwp%2Fv2%2Fproduct_brand&post=7600"},{"taxonomy":"product_cat","embeddable":true,"href":"https:\/\/karabukcicek.com\/index.php?rest_route=%2Fwp%2Fv2%2Fproduct_cat&post=7600"},{"taxonomy":"product_tag","embeddable":true,"href":"https:\/\/karabukcicek.com\/index.php?rest_route=%2Fwp%2Fv2%2Fproduct_tag&post=7600"}],"curies":[{"name":"wp","href":"https:\/\/api.w.org\/{rel}","templated":true}]}}