{"id":7562,"date":"2025-10-17T13:31:36","date_gmt":"2025-10-17T10:31:36","guid":{"rendered":"https:\/\/ilkim.orionacreative.com\/?post_type=product&#038;p=7562"},"modified":"2025-10-26T18:01:26","modified_gmt":"2025-10-26T15:01:26","slug":"pretty-spatifilyum","status":"publish","type":"product","link":"https:\/\/karabukcicek.com\/?product=pretty-spatifilyum","title":{"rendered":"Pretty Spatifilyum"},"content":{"rendered":"<h2>Pretty Spatifilyum A\u00e7\u0131klama<\/h2>\n<p><strong>Pretty Spatifilyum\u00a0 \u2013 Sevgi ve Huzurun Simgesi<\/strong><\/p>\n<p>Zarafetin ve huzurun \u00e7i\u00e7e\u011fi olan<strong>\u00a0Pretty Spatifilyum \u00c7i\u00e7e\u011fi<\/strong><em>\u00a0<\/em>bar\u0131\u015f \u00e7i\u00e7e\u011fi (Spathiphyllum), ye\u015filin en g\u00fczel tonlar\u0131yla do\u011fall\u0131\u011f\u0131, beyaz \u00e7i\u00e7ekleriyle ise safl\u0131\u011f\u0131 temsil ediyor. Turuncu\u00a0ambalaj\u0131 ile sevgi dolu bir hediye alternatifi sunan bu \u00f6zel tasar\u0131m, ya\u015fam alanlar\u0131na ferahl\u0131k katarken sevdiklerinize s\u0131cac\u0131k bir s\u00fcrpriz yapman\u0131z\u0131 sa\u011fl\u0131yor.<\/p>\n<h3><strong>\u00dcr\u00fcn \u0130\u00e7eri\u011fi:<\/strong><\/h3>\n<p>Bitki: Bar\u0131\u015f \u00c7i\u00e7e\u011fi (Spathiphyllum)<br \/>\nAksesuarlar: Turuncu ambalaj, k\u0131rm\u0131z\u0131 , sar\u0131 dekoratif s\u00fcsler, Kuru Portakal dilimleri<\/p>\n<h3><strong>Boyut:<\/strong><\/h3>\n<p>Yakla\u015f\u0131k 40-45 cm<\/p>\n<h3><strong>Bak\u0131m \u00d6nerileri:<\/strong><\/h3>\n<p>Topra\u011f\u0131n tamamen kurumas\u0131na izin vermeden, haftada 1-2 kez sulay\u0131n.<\/p>\n<p>Do\u011frudan g\u00fcne\u015f \u0131\u015f\u0131\u011f\u0131 almayan, ayd\u0131nl\u0131k bir ortamda konumland\u0131r\u0131n.<\/p>\n<p>Yapraklar\u0131n\u0131 nemli bir bezle silerek parlak ve sa\u011fl\u0131kl\u0131 kalmas\u0131n\u0131 sa\u011flayabilirsiniz.<\/p>\n<p><strong>Pretty Spatifilyum\u00a0<\/strong>ile sevdiklerinize huzur dolu bir arma\u011fan verin<\/p>\n","protected":false},"excerpt":{"rendered":"<p>Pretty Spatifilyum A\u00e7\u0131klama Pretty Spatifilyum\u00a0 \u2013 Sevgi ve Huzurun Simgesi Zarafetin ve huzurun \u00e7i\u00e7e\u011fi olan\u00a0Pretty Spatifilyum \u00c7i\u00e7e\u011fi\u00a0bar\u0131\u015f \u00e7i\u00e7e\u011fi (Spathiphyllum), ye\u015filin en g\u00fczel tonlar\u0131yla do\u011fall\u0131\u011f\u0131, beyaz \u00e7i\u00e7ekleriyle ise safl\u0131\u011f\u0131 temsil ediyor. Turuncu\u00a0ambalaj\u0131 ile sevgi dolu bir hediye alternatifi sunan bu \u00f6zel tasar\u0131m, ya\u015fam alanlar\u0131na ferahl\u0131k katarken sevdiklerinize s\u0131cac\u0131k bir s\u00fcrpriz yapman\u0131z\u0131 sa\u011fl\u0131yor. \u00dcr\u00fcn \u0130\u00e7eri\u011fi: Bitki: Bar\u0131\u015f \u00c7i\u00e7e\u011fi (Spathiphyllum) Aksesuarlar: Turuncu ambalaj,\u2026<\/p>\n","protected":false},"featured_media":7568,"comment_status":"open","ping_status":"closed","template":"","meta":[],"product_brand":[],"product_cat":[15,74],"product_tag":[],"class_list":{"0":"post-7562","1":"product","2":"type-product","3":"status-publish","4":"has-post-thumbnail","6":"product_cat-genel","7":"product_cat-saksi-cicekleri","9":"first","10":"instock","11":"taxable","12":"shipping-taxable","13":"purchasable","14":"product-type-simple"},"_links":{"self":[{"href":"https:\/\/karabukcicek.com\/index.php?rest_route=\/wp\/v2\/product\/7562","targetHints":{"allow":["GET"]}}],"collection":[{"href":"https:\/\/karabukcicek.com\/index.php?rest_route=\/wp\/v2\/product"}],"about":[{"href":"https:\/\/karabukcicek.com\/index.php?rest_route=\/wp\/v2\/types\/product"}],"replies":[{"embeddable":true,"href":"https:\/\/karabukcicek.com\/index.php?rest_route=%2Fwp%2Fv2%2Fcomments&post=7562"}],"wp:featuredmedia":[{"embeddable":true,"href":"https:\/\/karabukcicek.com\/index.php?rest_route=\/wp\/v2\/media\/7568"}],"wp:attachment":[{"href":"https:\/\/karabukcicek.com\/index.php?rest_route=%2Fwp%2Fv2%2Fmedia&parent=7562"}],"wp:term":[{"taxonomy":"product_brand","embeddable":true,"href":"https:\/\/karabukcicek.com\/index.php?rest_route=%2Fwp%2Fv2%2Fproduct_brand&post=7562"},{"taxonomy":"product_cat","embeddable":true,"href":"https:\/\/karabukcicek.com\/index.php?rest_route=%2Fwp%2Fv2%2Fproduct_cat&post=7562"},{"taxonomy":"product_tag","embeddable":true,"href":"https:\/\/karabukcicek.com\/index.php?rest_route=%2Fwp%2Fv2%2Fproduct_tag&post=7562"}],"curies":[{"name":"wp","href":"https:\/\/api.w.org\/{rel}","templated":true}]}}