{"id":7556,"date":"2025-10-17T13:20:55","date_gmt":"2025-10-17T10:20:55","guid":{"rendered":"https:\/\/ilkim.orionacreative.com\/?post_type=product&#038;p=7556"},"modified":"2025-10-26T17:40:22","modified_gmt":"2025-10-26T14:40:22","slug":"lemon-crown-schefflera-cicegi","status":"publish","type":"product","link":"https:\/\/karabukcicek.com\/?product=lemon-crown-schefflera-cicegi","title":{"rendered":"Lemon Crown Schefflera \u00c7i\u00e7e\u011fi"},"content":{"rendered":"<h2>Lemon Crown Schefflera \u00c7i\u00e7e\u011fi A\u00e7\u0131klama<\/h2>\n<p>Canl\u0131 ye\u015fil yapraklar\u0131n\u0131n aras\u0131na serpi\u015ftirilmi\u015f limon sar\u0131s\u0131 tonlar\u0131yla Lemon Crown Schefflera, bulundu\u011fu her mekana enerjik ve ferah bir g\u00f6r\u00fcn\u00fcm kazand\u0131r\u0131r. Tropik esintisi sayesinde evinize ya da ofisinize tazelik katarken, zarif formu ile dekorasyonunuzu tamamlar. Yeni i\u015f kutlamalar\u0131, do\u011fum g\u00fcn\u00fc s\u00fcrprizleri veya misafirlerinizi etkileyecek bir kar\u015f\u0131lama bitkisi olarak m\u00fckemmeldir. Bak\u0131m\u0131 olduk\u00e7a kolayd\u0131r; dolayl\u0131 \u0131\u015f\u0131k alan bir yerde konumland\u0131rman\u0131z ve topra\u011f\u0131n\u0131 hafif nemli tutman\u0131z yeterlidir. Schefflera \u00e7i\u00e7e\u011fini se\u00e7erek ya\u015fam alan\u0131n\u0131za hem do\u011fan\u0131n hem de rengin en ne\u015feli halini ekleyin.<\/p>\n","protected":false},"excerpt":{"rendered":"<p>Lemon Crown Schefflera \u00c7i\u00e7e\u011fi A\u00e7\u0131klama Canl\u0131 ye\u015fil yapraklar\u0131n\u0131n aras\u0131na serpi\u015ftirilmi\u015f limon sar\u0131s\u0131 tonlar\u0131yla Lemon Crown Schefflera, bulundu\u011fu her mekana enerjik ve ferah bir g\u00f6r\u00fcn\u00fcm kazand\u0131r\u0131r. Tropik esintisi sayesinde evinize ya da ofisinize tazelik katarken, zarif formu ile dekorasyonunuzu tamamlar. Yeni i\u015f kutlamalar\u0131, do\u011fum g\u00fcn\u00fc s\u00fcrprizleri veya misafirlerinizi etkileyecek bir kar\u015f\u0131lama bitkisi olarak m\u00fckemmeldir. Bak\u0131m\u0131 olduk\u00e7a kolayd\u0131r; dolayl\u0131 \u0131\u015f\u0131k alan bir\u2026<\/p>\n","protected":false},"featured_media":7557,"comment_status":"open","ping_status":"closed","template":"","meta":[],"product_brand":[],"product_cat":[15,74],"product_tag":[],"class_list":{"0":"post-7556","1":"product","2":"type-product","3":"status-publish","4":"has-post-thumbnail","6":"product_cat-genel","7":"product_cat-saksi-cicekleri","9":"first","10":"instock","11":"taxable","12":"shipping-taxable","13":"purchasable","14":"product-type-simple"},"_links":{"self":[{"href":"https:\/\/karabukcicek.com\/index.php?rest_route=\/wp\/v2\/product\/7556","targetHints":{"allow":["GET"]}}],"collection":[{"href":"https:\/\/karabukcicek.com\/index.php?rest_route=\/wp\/v2\/product"}],"about":[{"href":"https:\/\/karabukcicek.com\/index.php?rest_route=\/wp\/v2\/types\/product"}],"replies":[{"embeddable":true,"href":"https:\/\/karabukcicek.com\/index.php?rest_route=%2Fwp%2Fv2%2Fcomments&post=7556"}],"wp:featuredmedia":[{"embeddable":true,"href":"https:\/\/karabukcicek.com\/index.php?rest_route=\/wp\/v2\/media\/7557"}],"wp:attachment":[{"href":"https:\/\/karabukcicek.com\/index.php?rest_route=%2Fwp%2Fv2%2Fmedia&parent=7556"}],"wp:term":[{"taxonomy":"product_brand","embeddable":true,"href":"https:\/\/karabukcicek.com\/index.php?rest_route=%2Fwp%2Fv2%2Fproduct_brand&post=7556"},{"taxonomy":"product_cat","embeddable":true,"href":"https:\/\/karabukcicek.com\/index.php?rest_route=%2Fwp%2Fv2%2Fproduct_cat&post=7556"},{"taxonomy":"product_tag","embeddable":true,"href":"https:\/\/karabukcicek.com\/index.php?rest_route=%2Fwp%2Fv2%2Fproduct_tag&post=7556"}],"curies":[{"name":"wp","href":"https:\/\/api.w.org\/{rel}","templated":true}]}}