{"id":7539,"date":"2025-10-17T12:34:25","date_gmt":"2025-10-17T09:34:25","guid":{"rendered":"https:\/\/ilkim.orionacreative.com\/?post_type=product&#038;p=7539"},"modified":"2026-01-31T10:41:18","modified_gmt":"2026-01-31T07:41:18","slug":"golden-shine-lily-zambak","status":"publish","type":"product","link":"https:\/\/karabukcicek.com\/?product=golden-shine-lily-zambak","title":{"rendered":"Golden Shine Lily Zambak"},"content":{"rendered":"<p data-pm-slice=\"1 1 []\">Golden Shine Lily Zambak, zarif pembe tonlar\u0131 ve g\u00fc\u00e7l\u00fc duru\u015fuyla \u015f\u0131kl\u0131\u011f\u0131 temsil ediyor. Canl\u0131 ve g\u00f6steri\u015fli lilyum \u00e7i\u00e7ekleri, parlak turuncu ambalaj\u0131, do\u011fal j\u00fct kurdelesi ve dekoratif kuru meyve dokunu\u015flar\u0131 ile birle\u015ferek modern bir g\u00f6rsellik sunuyor. G\u00f6z al\u0131c\u0131 renk kontrast\u0131, hem bulundu\u011fu ortama canl\u0131l\u0131k katar hem de \u00f6zel g\u00fcnlerde sevdiklerinize unutulmaz bir s\u00fcrpriz olur.<\/p>\n<p>Lilyum bitkisi; ferah kokusu, uzun \u00f6m\u00fcrl\u00fc \u00e7i\u00e7eklenmesi ve zarif yap\u0131s\u0131yla en \u00e7ok tercih edilen \u00e7i\u00e7ekler aras\u0131ndad\u0131r. Bak\u0131m\u0131 olduk\u00e7a kolayd\u0131r: Ayd\u0131nl\u0131k fakat direkt g\u00fcne\u015f almayan bir ortamda konumland\u0131r\u0131ld\u0131\u011f\u0131nda uzun s\u00fcre taze kal\u0131r. Vazonun suyunun 2-3 g\u00fcnde bir de\u011fi\u015ftirilmesi ve yapraklar\u0131n suyun i\u00e7inde kalmamas\u0131na \u00f6zen g\u00f6sterilmesi, \u00e7i\u00e7e\u011fin \u00f6mr\u00fcn\u00fc uzat\u0131r.<\/p>\n<p>Bu \u00f6zel aranjman; do\u011fum g\u00fcn\u00fc kutlamalar\u0131, evlilik y\u0131ld\u00f6n\u00fcmleri, i\u015f tebri\u011fi ya da \u201c\u0130yi ki vars\u0131n\u201d demek istedi\u011finiz her an i\u00e7in m\u00fckemmel bir se\u00e7imdir. Ayn\u0131 zamanda ev veya ofis dekorasyonuna enerji ve pozitif bir ruh katar.<\/p>\n<p>Sevdiklerinizi mutlu etmek, onlara kal\u0131c\u0131 bir hat\u0131ra b\u0131rakmak i\u00e7in Golden Shine Lily Zambak tam size g\u00f6re! Zarafeti ve canl\u0131l\u0131\u011f\u0131yla bu \u00f6zel \u00e7i\u00e7ek, sevdiklerinizi g\u00fcl\u00fcmsetecek en g\u00fczel hediyelerden biri olacak.<\/p>\n<p><strong>\u00d6nemli Bilgilendirme<\/strong>\u00a0:\u00a0Lilyum bitkisi, teslimat sonras\u0131nda sizlerde daha uzun \u00f6m\u00fcrl\u00fc kalabilmesi amac\u0131yla\u00a0<strong data-end=\"188\" data-start=\"162\">ye\u015fil tomurcuk halinde<\/strong>\u00a0g\u00f6nderilebilmektedir. Bu sayede \u00e7i\u00e7e\u011finiz evinizde a\u00e7arak tazeli\u011fini daha uzun s\u00fcre korur ve keyifle kullanabilirsiniz.<\/p>\n<p>\u00dcr\u00fcn Boyutu : 40-45 cm<\/p>\n<p>&nbsp;<\/p>\n","protected":false},"excerpt":{"rendered":"<p>Golden Shine Lily Zambak, zarif pembe tonlar\u0131 ve g\u00fc\u00e7l\u00fc duru\u015fuyla \u015f\u0131kl\u0131\u011f\u0131 temsil ediyor. Canl\u0131 ve g\u00f6steri\u015fli lilyum \u00e7i\u00e7ekleri, parlak turuncu ambalaj\u0131, do\u011fal j\u00fct kurdelesi ve dekoratif kuru meyve dokunu\u015flar\u0131 ile birle\u015ferek modern bir g\u00f6rsellik sunuyor. G\u00f6z al\u0131c\u0131 renk kontrast\u0131, hem bulundu\u011fu ortama canl\u0131l\u0131k katar hem de \u00f6zel g\u00fcnlerde sevdiklerinize unutulmaz bir s\u00fcrpriz olur. Lilyum bitkisi; ferah kokusu, uzun \u00f6m\u00fcrl\u00fc \u00e7i\u00e7eklenmesi\u2026<\/p>\n","protected":false},"featured_media":7540,"comment_status":"open","ping_status":"closed","template":"","meta":[],"product_brand":[],"product_cat":[15,74],"product_tag":[],"class_list":{"0":"post-7539","1":"product","2":"type-product","3":"status-publish","4":"has-post-thumbnail","6":"product_cat-genel","7":"product_cat-saksi-cicekleri","9":"first","10":"instock","11":"taxable","12":"shipping-taxable","13":"purchasable","14":"product-type-simple"},"_links":{"self":[{"href":"https:\/\/karabukcicek.com\/index.php?rest_route=\/wp\/v2\/product\/7539","targetHints":{"allow":["GET"]}}],"collection":[{"href":"https:\/\/karabukcicek.com\/index.php?rest_route=\/wp\/v2\/product"}],"about":[{"href":"https:\/\/karabukcicek.com\/index.php?rest_route=\/wp\/v2\/types\/product"}],"replies":[{"embeddable":true,"href":"https:\/\/karabukcicek.com\/index.php?rest_route=%2Fwp%2Fv2%2Fcomments&post=7539"}],"wp:featuredmedia":[{"embeddable":true,"href":"https:\/\/karabukcicek.com\/index.php?rest_route=\/wp\/v2\/media\/7540"}],"wp:attachment":[{"href":"https:\/\/karabukcicek.com\/index.php?rest_route=%2Fwp%2Fv2%2Fmedia&parent=7539"}],"wp:term":[{"taxonomy":"product_brand","embeddable":true,"href":"https:\/\/karabukcicek.com\/index.php?rest_route=%2Fwp%2Fv2%2Fproduct_brand&post=7539"},{"taxonomy":"product_cat","embeddable":true,"href":"https:\/\/karabukcicek.com\/index.php?rest_route=%2Fwp%2Fv2%2Fproduct_cat&post=7539"},{"taxonomy":"product_tag","embeddable":true,"href":"https:\/\/karabukcicek.com\/index.php?rest_route=%2Fwp%2Fv2%2Fproduct_tag&post=7539"}],"curies":[{"name":"wp","href":"https:\/\/api.w.org\/{rel}","templated":true}]}}