{"id":7532,"date":"2025-10-17T12:17:34","date_gmt":"2025-10-17T09:17:34","guid":{"rendered":"https:\/\/ilkim.orionacreative.com\/?post_type=product&#038;p=7532"},"modified":"2026-01-31T10:42:19","modified_gmt":"2026-01-31T07:42:19","slug":"emerald-garden-teraryum","status":"publish","type":"product","link":"https:\/\/karabukcicek.com\/?product=emerald-garden-teraryum","title":{"rendered":"Emerald Garden Teraryum"},"content":{"rendered":"<h2>Emerald Garden Teraryum A\u00e7\u0131klama<\/h2>\n<div>Emerald Garden Teraryum\u00a0Hakk\u0131nda Neler S\u00f6yleyebiliriz?<\/div>\n<p>Emerald Garden Teraryum, Floral Designers ekibimizin orman i\u00e7erisinde bir ev ya\u015fam\u0131 hayal ettiren, sizlerin masalar\u0131na keyif vermek i\u00e7in olu\u015fturdu\u011fu bir \u00fcr\u00fcnd\u00fcr.<\/p>\n<p>Emerald Garden Teraryum\u00a0i\u00e7in dikkat edilmesi gereken direk g\u00fcne\u015f \u0131\u015f\u0131\u011f\u0131 almamas\u0131,s\u0131k s\u0131k bitkilerin su ihtiyac\u0131n\u0131n kontrol edilmesi gerekir. Bu \u00f6zel bitkilerin bir canl\u0131 oldu\u011funu d\u00fc\u015f\u00fcnd\u00fc\u011f\u00fcm\u00fczde onlara sevgi dolu bir bak\u0131m gerekmektedir<\/p>\n<p>\u00dcr\u00fcn\u00fcm\u00fcz\u00fcn i\u00e7erisinde,\u00a0Succulent \u00c7e\u015fitleri\u00a0mevcut olup floral designers ekibimizin sizler i\u00e7in yak\u0131nlar\u0131n\u0131za harika bir hediye f\u0131rsat\u0131 sunmaktad\u0131r.<\/p>\n<p>Tedarik kaynakl\u0131 sukulentlerde farkl\u0131l\u0131klar olmaktad\u0131r.<\/p>\n<p>\u00dcr\u00fcn Boyutu :10-12 cm civar\u0131<\/p>\n","protected":false},"excerpt":{"rendered":"<p>Emerald Garden Teraryum A\u00e7\u0131klama Emerald Garden Teraryum\u00a0Hakk\u0131nda Neler S\u00f6yleyebiliriz? Emerald Garden Teraryum, Floral Designers ekibimizin orman i\u00e7erisinde bir ev ya\u015fam\u0131 hayal ettiren, sizlerin masalar\u0131na keyif vermek i\u00e7in olu\u015fturdu\u011fu bir \u00fcr\u00fcnd\u00fcr. Emerald Garden Teraryum\u00a0i\u00e7in dikkat edilmesi gereken direk g\u00fcne\u015f \u0131\u015f\u0131\u011f\u0131 almamas\u0131,s\u0131k s\u0131k bitkilerin su ihtiyac\u0131n\u0131n kontrol edilmesi gerekir. Bu \u00f6zel bitkilerin bir canl\u0131 oldu\u011funu d\u00fc\u015f\u00fcnd\u00fc\u011f\u00fcm\u00fczde onlara sevgi dolu bir bak\u0131m gerekmektedir\u2026<\/p>\n","protected":false},"featured_media":7567,"comment_status":"open","ping_status":"closed","template":"","meta":[],"product_brand":[],"product_cat":[15,74],"product_tag":[],"class_list":{"0":"post-7532","1":"product","2":"type-product","3":"status-publish","4":"has-post-thumbnail","6":"product_cat-genel","7":"product_cat-saksi-cicekleri","9":"first","10":"instock","11":"taxable","12":"shipping-taxable","13":"purchasable","14":"product-type-simple"},"_links":{"self":[{"href":"https:\/\/karabukcicek.com\/index.php?rest_route=\/wp\/v2\/product\/7532","targetHints":{"allow":["GET"]}}],"collection":[{"href":"https:\/\/karabukcicek.com\/index.php?rest_route=\/wp\/v2\/product"}],"about":[{"href":"https:\/\/karabukcicek.com\/index.php?rest_route=\/wp\/v2\/types\/product"}],"replies":[{"embeddable":true,"href":"https:\/\/karabukcicek.com\/index.php?rest_route=%2Fwp%2Fv2%2Fcomments&post=7532"}],"wp:featuredmedia":[{"embeddable":true,"href":"https:\/\/karabukcicek.com\/index.php?rest_route=\/wp\/v2\/media\/7567"}],"wp:attachment":[{"href":"https:\/\/karabukcicek.com\/index.php?rest_route=%2Fwp%2Fv2%2Fmedia&parent=7532"}],"wp:term":[{"taxonomy":"product_brand","embeddable":true,"href":"https:\/\/karabukcicek.com\/index.php?rest_route=%2Fwp%2Fv2%2Fproduct_brand&post=7532"},{"taxonomy":"product_cat","embeddable":true,"href":"https:\/\/karabukcicek.com\/index.php?rest_route=%2Fwp%2Fv2%2Fproduct_cat&post=7532"},{"taxonomy":"product_tag","embeddable":true,"href":"https:\/\/karabukcicek.com\/index.php?rest_route=%2Fwp%2Fv2%2Fproduct_tag&post=7532"}],"curies":[{"name":"wp","href":"https:\/\/api.w.org\/{rel}","templated":true}]}}