{"id":7510,"date":"2025-10-01T11:43:31","date_gmt":"2025-10-01T08:43:31","guid":{"rendered":"https:\/\/ilkim.orionacreative.com\/?post_type=product&#038;p=7510"},"modified":"2026-04-23T09:07:14","modified_gmt":"2026-04-23T06:07:14","slug":"yaz-bahcesi-mutlu-eller-renkli-lisyantus-aranjmani","status":"publish","type":"product","link":"https:\/\/karabukcicek.com\/?product=yaz-bahcesi-mutlu-eller-renkli-lisyantus-aranjmani","title":{"rendered":"Yaz Bah\u00e7esi Mutlu Eller Renkli Lisyantus Aranjman\u0131"},"content":{"rendered":"<p>Yaz Bah\u00e7esi Renkli Lisyantus Aranjman\u0131 ile sevdiklerinize s\u00fcrpriz yapmaya ne dersiniz?<\/p>\n<p>10 Adet Mor Lisyantus, 6 Adet Pembe Lisyantus ve 12 Adet Beyaz Lisyantustan beyaz serami\u011fe haz\u0131rlanm\u0131\u015f aranjman g\u00f6nderdi\u011finiz ki\u015fiye \u00e7ok mutlu edecektir. Yaz renkleri ve \u00e7i\u00e7ekleri olan lisyantus muhte\u015fem bir hediye olacakt\u0131r.<\/p>\n","protected":false},"excerpt":{"rendered":"<p>Yaz Bah\u00e7esi Renkli Lisyantus Aranjman\u0131 ile sevdiklerinize s\u00fcrpriz yapmaya ne dersiniz? 10 Adet Mor Lisyantus, 6 Adet Pembe Lisyantus ve 12 Adet Beyaz Lisyantustan beyaz serami\u011fe haz\u0131rlanm\u0131\u015f aranjman g\u00f6nderdi\u011finiz ki\u015fiye \u00e7ok mutlu edecektir. Yaz renkleri ve \u00e7i\u00e7ekleri olan lisyantus muhte\u015fem bir hediye olacakt\u0131r.<\/p>\n","protected":false},"featured_media":7511,"comment_status":"open","ping_status":"closed","template":"","meta":[],"product_brand":[],"product_cat":[74],"product_tag":[],"class_list":{"0":"post-7510","1":"product","2":"type-product","3":"status-publish","4":"has-post-thumbnail","6":"product_cat-saksi-cicekleri","8":"first","9":"instock","10":"taxable","11":"shipping-taxable","12":"purchasable","13":"product-type-simple"},"_links":{"self":[{"href":"https:\/\/karabukcicek.com\/index.php?rest_route=\/wp\/v2\/product\/7510","targetHints":{"allow":["GET"]}}],"collection":[{"href":"https:\/\/karabukcicek.com\/index.php?rest_route=\/wp\/v2\/product"}],"about":[{"href":"https:\/\/karabukcicek.com\/index.php?rest_route=\/wp\/v2\/types\/product"}],"replies":[{"embeddable":true,"href":"https:\/\/karabukcicek.com\/index.php?rest_route=%2Fwp%2Fv2%2Fcomments&post=7510"}],"wp:featuredmedia":[{"embeddable":true,"href":"https:\/\/karabukcicek.com\/index.php?rest_route=\/wp\/v2\/media\/7511"}],"wp:attachment":[{"href":"https:\/\/karabukcicek.com\/index.php?rest_route=%2Fwp%2Fv2%2Fmedia&parent=7510"}],"wp:term":[{"taxonomy":"product_brand","embeddable":true,"href":"https:\/\/karabukcicek.com\/index.php?rest_route=%2Fwp%2Fv2%2Fproduct_brand&post=7510"},{"taxonomy":"product_cat","embeddable":true,"href":"https:\/\/karabukcicek.com\/index.php?rest_route=%2Fwp%2Fv2%2Fproduct_cat&post=7510"},{"taxonomy":"product_tag","embeddable":true,"href":"https:\/\/karabukcicek.com\/index.php?rest_route=%2Fwp%2Fv2%2Fproduct_tag&post=7510"}],"curies":[{"name":"wp","href":"https:\/\/api.w.org\/{rel}","templated":true}]}}