{"id":7508,"date":"2025-10-01T11:42:35","date_gmt":"2025-10-01T08:42:35","guid":{"rendered":"https:\/\/ilkim.orionacreative.com\/?post_type=product&#038;p=7508"},"modified":"2026-01-31T10:42:58","modified_gmt":"2026-01-31T07:42:58","slug":"ates-bocegi-premium-50-kirmizi-gul-buketi","status":"publish","type":"product","link":"https:\/\/karabukcicek.com\/?product=ates-bocegi-premium-50-kirmizi-gul-buketi","title":{"rendered":"Ate\u015f B\u00f6ce\u011fi Premium 50 K\u0131rm\u0131z\u0131 G\u00fcl Buketi"},"content":{"rendered":"<p><b>Ate\u015f B\u00f6ce\u011fi 50 K\u0131rm\u0131z\u0131 G\u00fcl Buketi<\/b>\u00a0ile sevgilinize a\u015fk\u0131n\u0131z\u0131n ate\u015fi kadar k\u0131rm\u0131z\u0131 g\u00fcllerden olu\u015fan bir hediye verin.\u00a0<b>K\u0131rm\u0131z\u0131 g\u00fcller<\/b>\u00a0a\u015fk\u0131 ve tutkuyu temsil eder.\u00a0<b>Ate\u015f B\u00f6ce\u011fi 50 K\u0131rm\u0131z\u0131 G\u00fcl Buketi aranjman\u0131<\/b>n\u0131\u00a0<a href=\"https:\/\/www.osevio.com\/kategori\/sevgililer-gunu\">sevgililer g\u00fcn\u00fc hediyesi<\/a>\u00a0olarak kullanabilir ve sevgilinize, a\u015fk\u0131n\u0131z\u0131 alevlendirecek \u00e7ok \u00f6zel bir hediye verebilirsiniz.<\/p>\n<p>T\u00fcrkiye&#8217;nin en yeni\u00a0<a href=\"https:\/\/www.osevio.com\/\">online \u00e7i\u00e7ek sitesi<\/a>\u00a0Osevio, en saf ve i\u00e7ten duygular\u0131n\u0131z\u0131 temsil edecek \u00e7i\u00e7ek<br \/>\nse\u00e7enekleriyle hizmetinizde. Her g\u00fcn ayn\u0131 g\u00fcn sipari\u015f imkan\u0131yla a\u015fk\u0131n\u0131z\u0131n ate\u015fi her daim canl\u0131 kalacak.<\/p>\n<p>Bir s\u00fcrpriz a\u015fk\u0131n\u0131z\u0131 anlatmaya yeter mi?\u00a0<b>Ate\u015f B\u00f6ce\u011fi 50 K\u0131rm\u0131z\u0131 G\u00fcl Buketi<\/b>\u00a0en derin duygular\u0131n\u0131z\u0131 fazlas\u0131yla g\u00f6sterecek ve hissettirecek. Her zamanki k\u0131rm\u0131z\u0131 g\u00fcl aranjmanlar\u0131ndan farkl\u0131 olarak tasarlanan\u00a0<b>50 adet k\u0131rm\u0131z\u0131 g\u00fcl<\/b>den olu\u015fan \u00f6zel tasar\u0131m \u00e7i\u00e7ek aranjman\u0131, \u00f6zel g\u00fcnleri daha da \u00f6zel k\u0131lman\u0131z i\u00e7in ideal bir se\u00e7im. Canl\u0131 m\u0131 canl\u0131,\u00a0<b>romantik 50 tane k\u0131rm\u0131z\u0131 g\u00fcl<\/b>\u00a0ile etkileyici bir sunuma sahip\u00a0<b>Ate\u015f B\u00f6ce\u011fi 50 K\u0131rm\u0131z\u0131 G\u00fcl Buketi<\/b>\u00a0ile siz de en \u00f6zel ki\u015fiye unutulmaz bir g\u00fcn ya\u015fatabilirsiniz.<\/p>\n<p>Ge\u00e7mi\u015f y\u0131llardan g\u00fcn\u00fcm\u00fcze kadar a\u015fk\u0131n en \u00f6nemli sunumu olarak kabul edilen k\u0131rm\u0131z\u0131 g\u00fcller, \u015f\u0131k ve etkileyici buket tasar\u0131mlar\u0131 ile kar\u015f\u0131 konulmaz bir etki yarat\u0131yor. Romantik, canl\u0131 ve k\u0131pk\u0131rm\u0131z\u0131 g\u00fcllerden olu\u015fan\u00a0<b>50 k\u0131rm\u0131z\u0131 g\u00fcl aranjman\u0131<\/b>\u00a0tam da arad\u0131\u011f\u0131n\u0131z gibi bir sevgiliye hediye alternatifi.<br \/>\n<b>50 K\u0131rm\u0131z\u0131 G\u00fcl Buketi<\/b><br \/>\nT\u00fcrkiye&#8217;nin yeni \u00e7i\u00e7ek sitesi Osevio, birbirinden \u015f\u0131k ve farkl\u0131 \u00e7i\u00e7ek aranjmanlar\u0131yla \u00f6zel g\u00fcnlerde daima yan\u0131n\u0131zda.\u00a0<b>50 k\u0131rm\u0131z\u0131 g\u00fcl buketi<\/b>\u00a0ya da di\u011fer farkl\u0131 say\u0131daki\u00a0<b>k\u0131rm\u0131z\u0131 g\u00fcl buketleri<\/b>\u00a0aras\u0131ndan siz de se\u00e7iminizi yapabilirsiniz. A\u015fk\u0131n simgesi k\u0131rm\u0131z\u0131 g\u00fcllerin\u00a0<b>50 adet k\u0131rm\u0131z\u0131 g\u00fclden olu\u015fan sunum<\/b>u, vazosuz dekoratif bir \u015fekilde sunulmas\u0131yla da olduk\u00e7a etkileyici. Y\u0131l d\u00f6n\u00fcm\u00fc, do\u011fum g\u00fcn\u00fc gibi \u00f6zel g\u00fcnlerde tercih edebilece\u011finiz\u00a0<b>50 adet k\u0131rm\u0131z\u0131 g\u00fcl<\/b>, s\u0131radan bir g\u00fcn\u00fc de hi\u00e7 unutulmayacak g\u00fcnler aras\u0131na katabilir.<\/p>\n<p>Sizin i\u00e7in \u00f6zel olan ki\u015fiyi daha da \u00f6zel hissettirmek i\u00e7in tasar\u0131mlar olu\u015fturan Osevio, geni\u015f \u00fcr\u00fcn yelpazesi ile yan\u0131n\u0131zda. Siz ne zaman isterseniz o anda teslimat i\u00e7in kaliteli hizmet anlay\u0131\u015f\u0131 ile \u00e7al\u0131\u015fan Osevio ile \u00f6zel g\u00fcnler daha \u00f6zel bir hal alacak. Osevio&#8217;sa sen de sevindir.<\/p>\n<p><b>K\u0131rm\u0131z\u0131 G\u00fcl:<\/b>\u00a050 Adet<br \/>\n<b>Yakla\u015f\u0131k \u00dcr\u00fcn Boyutu:<\/b>\u00a050cm<\/p>\n","protected":false},"excerpt":{"rendered":"<p>Ate\u015f B\u00f6ce\u011fi 50 K\u0131rm\u0131z\u0131 G\u00fcl Buketi\u00a0ile sevgilinize a\u015fk\u0131n\u0131z\u0131n ate\u015fi kadar k\u0131rm\u0131z\u0131 g\u00fcllerden olu\u015fan bir hediye verin.\u00a0K\u0131rm\u0131z\u0131 g\u00fcller\u00a0a\u015fk\u0131 ve tutkuyu temsil eder.\u00a0Ate\u015f B\u00f6ce\u011fi 50 K\u0131rm\u0131z\u0131 G\u00fcl Buketi aranjman\u0131n\u0131\u00a0sevgililer g\u00fcn\u00fc hediyesi\u00a0olarak kullanabilir ve sevgilinize, a\u015fk\u0131n\u0131z\u0131 alevlendirecek \u00e7ok \u00f6zel bir hediye verebilirsiniz. T\u00fcrkiye&#8217;nin en yeni\u00a0online \u00e7i\u00e7ek sitesi\u00a0Osevio, en saf ve i\u00e7ten duygular\u0131n\u0131z\u0131 temsil edecek \u00e7i\u00e7ek se\u00e7enekleriyle hizmetinizde. Her g\u00fcn ayn\u0131 g\u00fcn sipari\u015f imkan\u0131yla\u2026<\/p>\n","protected":false},"featured_media":7509,"comment_status":"open","ping_status":"closed","template":"","meta":[],"product_brand":[],"product_cat":[15,73],"product_tag":[],"class_list":{"0":"post-7508","1":"product","2":"type-product","3":"status-publish","4":"has-post-thumbnail","6":"product_cat-genel","7":"product_cat-guller","9":"first","10":"instock","11":"taxable","12":"shipping-taxable","13":"purchasable","14":"product-type-simple"},"_links":{"self":[{"href":"https:\/\/karabukcicek.com\/index.php?rest_route=\/wp\/v2\/product\/7508","targetHints":{"allow":["GET"]}}],"collection":[{"href":"https:\/\/karabukcicek.com\/index.php?rest_route=\/wp\/v2\/product"}],"about":[{"href":"https:\/\/karabukcicek.com\/index.php?rest_route=\/wp\/v2\/types\/product"}],"replies":[{"embeddable":true,"href":"https:\/\/karabukcicek.com\/index.php?rest_route=%2Fwp%2Fv2%2Fcomments&post=7508"}],"wp:featuredmedia":[{"embeddable":true,"href":"https:\/\/karabukcicek.com\/index.php?rest_route=\/wp\/v2\/media\/7509"}],"wp:attachment":[{"href":"https:\/\/karabukcicek.com\/index.php?rest_route=%2Fwp%2Fv2%2Fmedia&parent=7508"}],"wp:term":[{"taxonomy":"product_brand","embeddable":true,"href":"https:\/\/karabukcicek.com\/index.php?rest_route=%2Fwp%2Fv2%2Fproduct_brand&post=7508"},{"taxonomy":"product_cat","embeddable":true,"href":"https:\/\/karabukcicek.com\/index.php?rest_route=%2Fwp%2Fv2%2Fproduct_cat&post=7508"},{"taxonomy":"product_tag","embeddable":true,"href":"https:\/\/karabukcicek.com\/index.php?rest_route=%2Fwp%2Fv2%2Fproduct_tag&post=7508"}],"curies":[{"name":"wp","href":"https:\/\/api.w.org\/{rel}","templated":true}]}}