{"id":7506,"date":"2025-10-01T11:41:14","date_gmt":"2025-10-01T08:41:14","guid":{"rendered":"https:\/\/ilkim.orionacreative.com\/?post_type=product&#038;p=7506"},"modified":"2026-01-31T10:43:55","modified_gmt":"2026-01-31T07:43:55","slug":"askin-simgesi-tasarim-kutuda-20-guller","status":"publish","type":"product","link":"https:\/\/karabukcicek.com\/?product=askin-simgesi-tasarim-kutuda-20-guller","title":{"rendered":"A\u015fk\u0131n Simgesi Tasar\u0131m Kutuda 20 G\u00fcller"},"content":{"rendered":"<p>A\u015fk\u0131n Simgesi Kutuda 20 G\u00fcller, bir hediyeden \u00e7ok daha fazlas\u0131. Romantik bir jest, a\u015fk dolu bir s\u00fcrpriz ya da \u00f6zel g\u00fcn kutlamak i\u00e7in ideal 20 k\u0131rm\u0131z\u0131 g\u00fclden olu\u015fan kutuda \u00e7i\u00e7ekler, en \u00f6zel ki\u015fiyi daha \u00f6zel hissettirmeniz i\u00e7in ideal bir se\u00e7im. Beyaz yuvarlak kutu, bu\u011fday ba\u015fa\u011f\u0131 ve ye\u015fil kurdele ile \u015f\u0131k bir sunum haz\u0131rlayan kutuda 20 k\u0131rm\u0131z\u0131 g\u00fcl ile g\u00fcn\u00fcn kahraman\u0131 siz olun.<\/p>\n<p>T\u00fcrkiye&#8217;nin yeni \u00e7i\u00e7ek sitesi Osevio, birbirinden \u015f\u0131k \u00e7i\u00e7ek aranjmanlar\u0131n\u0131 farkl\u0131 ve dekoratif sunumlar\u0131yla bulu\u015fturuyor. Osevio&#8217;nun geni\u015f \u00fcr\u00fcn yelpazesi aras\u0131nda siz de arad\u0131\u011f\u0131n\u0131z gibi bir hediyeyi mutlaka bulacaks\u0131n\u0131z.<\/p>\n<p><strong>K\u0131rm\u0131z\u0131 G\u00fcl:<\/strong>\u00a020 Adet<br \/>\n<strong>Yakla\u015f\u0131k \u00dcr\u00fcn Boyutu:<\/strong>\u00a020cm<\/p>\n<p><strong>Kutu Boyutlar\u0131;<\/strong><br \/>\nY\u00fckseklik: 20 cm<br \/>\nGeni\u015flik: 22.5 cm<\/p>\n","protected":false},"excerpt":{"rendered":"<p>A\u015fk\u0131n Simgesi Kutuda 20 G\u00fcller, bir hediyeden \u00e7ok daha fazlas\u0131. Romantik bir jest, a\u015fk dolu bir s\u00fcrpriz ya da \u00f6zel g\u00fcn kutlamak i\u00e7in ideal 20 k\u0131rm\u0131z\u0131 g\u00fclden olu\u015fan kutuda \u00e7i\u00e7ekler, en \u00f6zel ki\u015fiyi daha \u00f6zel hissettirmeniz i\u00e7in ideal bir se\u00e7im. Beyaz yuvarlak kutu, bu\u011fday ba\u015fa\u011f\u0131 ve ye\u015fil kurdele ile \u015f\u0131k bir sunum haz\u0131rlayan kutuda 20 k\u0131rm\u0131z\u0131 g\u00fcl ile g\u00fcn\u00fcn kahraman\u0131\u2026<\/p>\n","protected":false},"featured_media":7507,"comment_status":"open","ping_status":"closed","template":"","meta":[],"product_brand":[],"product_cat":[72],"product_tag":[],"class_list":{"0":"post-7506","1":"product","2":"type-product","3":"status-publish","4":"has-post-thumbnail","6":"product_cat-ozur-dilerim","8":"first","9":"instock","10":"taxable","11":"shipping-taxable","12":"purchasable","13":"product-type-simple"},"_links":{"self":[{"href":"https:\/\/karabukcicek.com\/index.php?rest_route=\/wp\/v2\/product\/7506","targetHints":{"allow":["GET"]}}],"collection":[{"href":"https:\/\/karabukcicek.com\/index.php?rest_route=\/wp\/v2\/product"}],"about":[{"href":"https:\/\/karabukcicek.com\/index.php?rest_route=\/wp\/v2\/types\/product"}],"replies":[{"embeddable":true,"href":"https:\/\/karabukcicek.com\/index.php?rest_route=%2Fwp%2Fv2%2Fcomments&post=7506"}],"wp:featuredmedia":[{"embeddable":true,"href":"https:\/\/karabukcicek.com\/index.php?rest_route=\/wp\/v2\/media\/7507"}],"wp:attachment":[{"href":"https:\/\/karabukcicek.com\/index.php?rest_route=%2Fwp%2Fv2%2Fmedia&parent=7506"}],"wp:term":[{"taxonomy":"product_brand","embeddable":true,"href":"https:\/\/karabukcicek.com\/index.php?rest_route=%2Fwp%2Fv2%2Fproduct_brand&post=7506"},{"taxonomy":"product_cat","embeddable":true,"href":"https:\/\/karabukcicek.com\/index.php?rest_route=%2Fwp%2Fv2%2Fproduct_cat&post=7506"},{"taxonomy":"product_tag","embeddable":true,"href":"https:\/\/karabukcicek.com\/index.php?rest_route=%2Fwp%2Fv2%2Fproduct_tag&post=7506"}],"curies":[{"name":"wp","href":"https:\/\/api.w.org\/{rel}","templated":true}]}}