{"id":7504,"date":"2025-10-01T11:40:40","date_gmt":"2025-10-01T08:40:40","guid":{"rendered":"https:\/\/ilkim.orionacreative.com\/?post_type=product&#038;p=7504"},"modified":"2026-01-31T10:44:28","modified_gmt":"2026-01-31T07:44:28","slug":"askin-tarifi-7-kirmizi-gul-cicek-buketi-2","status":"publish","type":"product","link":"https:\/\/karabukcicek.com\/?product=askin-tarifi-7-kirmizi-gul-cicek-buketi-2","title":{"rendered":"A\u015fk\u0131n Tarifi 7 K\u0131rm\u0131z\u0131 G\u00fcl \u00c7i\u00e7ek Buketi"},"content":{"rendered":"<p>A\u015fk\u0131n Tarifi 7 K\u0131rm\u0131z\u0131 G\u00fcl \u00c7i\u00e7ek Buketi ile siz de a\u015fk\u0131n\u0131z\u0131 hemen ilan edin..<\/p>\n<p>Beyaz \u00fczerine siyah puantiyeli ka\u011f\u0131da sar\u0131l\u0131 7 k\u0131rm\u0131z\u0131 g\u00fclleri ye\u015filliklerle s\u00fcsledik ve tasar\u0131m buket haline getirdik. Siz de g\u00fcn\u00fcn kahraman\u0131 olmak isterseniz hemen sipari\u015finizi olu\u015fturun, dakikalar i\u00e7erisinde teslim edelim.<\/p>\n<p>A\u015fk\u0131n Tarifi 7 K\u0131rm\u0131z\u0131 G\u00fcl \u00c7i\u00e7ek Buketi i\u00e7in ne s\u00f6yleyebliriz?<br \/>\n&#8211; Buketiniz taraf\u0131n\u0131za ula\u015ft\u0131ktan sonra ilk olarak altlar\u0131ndan \u00e7aprak keserek vazoya temiz su ekleyerek konmal\u0131d\u0131r.<br \/>\n&#8211;\u00a0Gitti\u011fi yere ula\u015ft\u0131ktan sonra uzun s\u00fcre taze kalabilmesi i\u00e7in ayd\u0131nl\u0131k bir ortamda cereyan, hava ak\u0131\u015f\u0131, klima alt\u0131, kalorifer yak\u0131n\u0131nda olmamas\u0131na dikkat edilmesi gerekmektedir.<br \/>\n&#8211;\u00a0G\u00f6nderin sana \u00f6zel kapal\u0131 not kart\u0131nla birlikte teslim edilmektedir.<\/p>\n<p>Yakla\u015f\u0131k \u00dcr\u00fcn Boyutu: 40 &#8211; 50cm&#8217;dir.<\/p>\n","protected":false},"excerpt":{"rendered":"<p>A\u015fk\u0131n Tarifi 7 K\u0131rm\u0131z\u0131 G\u00fcl \u00c7i\u00e7ek Buketi ile siz de a\u015fk\u0131n\u0131z\u0131 hemen ilan edin.. Beyaz \u00fczerine siyah puantiyeli ka\u011f\u0131da sar\u0131l\u0131 7 k\u0131rm\u0131z\u0131 g\u00fclleri ye\u015filliklerle s\u00fcsledik ve tasar\u0131m buket haline getirdik. Siz de g\u00fcn\u00fcn kahraman\u0131 olmak isterseniz hemen sipari\u015finizi olu\u015fturun, dakikalar i\u00e7erisinde teslim edelim. A\u015fk\u0131n Tarifi 7 K\u0131rm\u0131z\u0131 G\u00fcl \u00c7i\u00e7ek Buketi i\u00e7in ne s\u00f6yleyebliriz? &#8211; Buketiniz taraf\u0131n\u0131za ula\u015ft\u0131ktan sonra ilk olarak\u2026<\/p>\n","protected":false},"featured_media":7505,"comment_status":"open","ping_status":"closed","template":"","meta":[],"product_brand":[],"product_cat":[15,71],"product_tag":[],"class_list":{"0":"post-7504","1":"product","2":"type-product","3":"status-publish","4":"has-post-thumbnail","6":"product_cat-genel","7":"product_cat-firsat-urunleri","9":"first","10":"instock","11":"taxable","12":"shipping-taxable","13":"purchasable","14":"product-type-simple"},"_links":{"self":[{"href":"https:\/\/karabukcicek.com\/index.php?rest_route=\/wp\/v2\/product\/7504","targetHints":{"allow":["GET"]}}],"collection":[{"href":"https:\/\/karabukcicek.com\/index.php?rest_route=\/wp\/v2\/product"}],"about":[{"href":"https:\/\/karabukcicek.com\/index.php?rest_route=\/wp\/v2\/types\/product"}],"replies":[{"embeddable":true,"href":"https:\/\/karabukcicek.com\/index.php?rest_route=%2Fwp%2Fv2%2Fcomments&post=7504"}],"wp:featuredmedia":[{"embeddable":true,"href":"https:\/\/karabukcicek.com\/index.php?rest_route=\/wp\/v2\/media\/7505"}],"wp:attachment":[{"href":"https:\/\/karabukcicek.com\/index.php?rest_route=%2Fwp%2Fv2%2Fmedia&parent=7504"}],"wp:term":[{"taxonomy":"product_brand","embeddable":true,"href":"https:\/\/karabukcicek.com\/index.php?rest_route=%2Fwp%2Fv2%2Fproduct_brand&post=7504"},{"taxonomy":"product_cat","embeddable":true,"href":"https:\/\/karabukcicek.com\/index.php?rest_route=%2Fwp%2Fv2%2Fproduct_cat&post=7504"},{"taxonomy":"product_tag","embeddable":true,"href":"https:\/\/karabukcicek.com\/index.php?rest_route=%2Fwp%2Fv2%2Fproduct_tag&post=7504"}],"curies":[{"name":"wp","href":"https:\/\/api.w.org\/{rel}","templated":true}]}}