{"id":7019,"date":"2023-10-06T04:13:39","date_gmt":"2023-10-06T04:13:39","guid":{"rendered":"https:\/\/miniture.novaworks.net\/?page_id=15"},"modified":"2025-10-01T11:50:32","modified_gmt":"2025-10-01T08:50:32","slug":"about-us","status":"publish","type":"page","link":"https:\/\/karabukcicek.com\/?page_id=7019","title":{"rendered":"About Us"},"content":{"rendered":"\t\t<div data-elementor-type=\"wp-page\" data-elementor-id=\"7019\" class=\"elementor elementor-7019\">\n\t\t\t\t<div class=\"elementor-element elementor-element-40ec82a e-flex e-con-boxed kitify-col-width-auto-no ignore-docs-style-no kitify-disable-relative-no e-root-container elementor-top-section e-con e-parent\" data-id=\"40ec82a\" data-element_type=\"container\">\n\t\t\t\t\t<div class=\"e-con-inner\">\n\t\t\t\t<div class=\"elementor-element elementor-element-2a75737 elementor-invisible kitify-has-entrance-animation elementor-widget elementor-widget-image\" data-id=\"2a75737\" data-element_type=\"widget\" data-settings=\"{&quot;_animation&quot;:&quot;kitifyShortFadeInUp&quot;}\" data-widget_type=\"image.default\">\n\t\t\t\t\t\t\t\t\t\t\t\t\t\t\t<img fetchpriority=\"high\" decoding=\"async\" width=\"1920\" height=\"990\" src=\"https:\/\/karabukcicek.com\/wp-content\/uploads\/2025\/10\/hakkimizda.webp\" class=\"attachment-full size-full wp-image-7512\" alt=\"\" srcset=\"https:\/\/karabukcicek.com\/wp-content\/uploads\/2025\/10\/hakkimizda.webp 1920w, https:\/\/karabukcicek.com\/wp-content\/uploads\/2025\/10\/hakkimizda-300x155.webp 300w, https:\/\/karabukcicek.com\/wp-content\/uploads\/2025\/10\/hakkimizda-1024x528.webp 1024w, https:\/\/karabukcicek.com\/wp-content\/uploads\/2025\/10\/hakkimizda-768x396.webp 768w, https:\/\/karabukcicek.com\/wp-content\/uploads\/2025\/10\/hakkimizda-1536x792.webp 1536w, https:\/\/karabukcicek.com\/wp-content\/uploads\/2025\/10\/hakkimizda-1000x516.webp 1000w\" sizes=\"(max-width: 1920px) 100vw, 1920px\" \/>\t\t\t\t\t\t\t\t\t\t\t\t\t\t\t<\/div>\n\t\t\t\t\t<\/div>\n\t\t\t\t<\/div>\n\t\t<div class=\"elementor-element elementor-element-9b6030b e-flex e-con-boxed kitify-col-width-auto-no ignore-docs-style-no kitify-disable-relative-no elementor-invisible e-root-container elementor-top-section kitify-has-entrance-animation e-con e-parent\" data-id=\"9b6030b\" data-element_type=\"container\" data-settings=\"{&quot;animation&quot;:&quot;kitifyShortFadeInUp&quot;}\">\n\t\t\t\t\t<div class=\"e-con-inner\">\n\t\t<div class=\"elementor-element elementor-element-d5f6798 e-con-full e-flex kitify-col-width-auto-no ignore-docs-style-no kitify-disable-relative-no e-con e-child\" data-id=\"d5f6798\" data-element_type=\"container\">\n\t\t\t\t<div class=\"elementor-element elementor-element-cd586e7 elementor-widget elementor-widget-heading\" data-id=\"cd586e7\" data-element_type=\"widget\" data-widget_type=\"heading.default\">\n\t\t\t\t\t<h3 class=\"elementor-heading-title elementor-size-default\">Biz Kimiz?<\/h3>\t\t\t\t<\/div>\n\t\t\t\t<\/div>\n\t\t<div class=\"elementor-element elementor-element-25d51ad e-con-full e-flex kitify-col-width-auto-no ignore-docs-style-no kitify-disable-relative-no e-con e-child\" data-id=\"25d51ad\" data-element_type=\"container\">\n\t\t\t\t<div class=\"elementor-element elementor-element-d03a395 elementor-widget elementor-widget-heading\" data-id=\"d03a395\" data-element_type=\"widget\" data-widget_type=\"heading.default\">\n\t\t\t\t\t<p class=\"elementor-heading-title elementor-size-default\">Harika, \u0130lkim Flowers markan\u0131z\u0131n ismine ve duygusal de\u011ferine odaklanan, profesyonel bir \"Hakk\u0131m\u0131zda\" yaz\u0131s\u0131 tasla\u011f\u0131 haz\u0131rlad\u0131m. Bu metin hem duygusal ba\u011f kuracak hem de yerel g\u00fcveni vurgulayacakt\u0131r.\n\nHakk\u0131m\u0131zda: \u0130lkim Flowers\nDuygular\u0131n Ba\u015flad\u0131\u011f\u0131 Yer\nBiz, \u0130lkim Flowers ekibi, bir \u00e7i\u00e7e\u011fin yaln\u0131zca bir hediye de\u011fil, hayat\u0131n en \u00f6zel \"ilk\" anlar\u0131n\u0131n zarif bir tan\u0131\u011f\u0131 oldu\u011funa inan\u0131yoruz. \u0130lk bulu\u015fman\u0131n heyecan\u0131ndan, ilk y\u0131ld\u00f6n\u00fcm\u00fcn\u00fcn kutlamas\u0131na, yeni bir evin ilk hediyesine kadar... Hikayeniz ne olursa olsun, biz o hikayeye en taze ve en anlaml\u0131 dokunu\u015fu katmak i\u00e7in var\u0131z. Her buketimizi sadece \u00e7i\u00e7eklerle de\u011fil, b\u00fcy\u00fck bir tutku ve \u00f6zenle haz\u0131rl\u0131yoruz.\n\nKarab\u00fck'\u00fcn G\u00fcvencesi ve Kalite S\u00f6z\u00fcm\u00fcz\nKarab\u00fck merkezli bir i\u015fletme olarak, b\u00f6lgenin nabz\u0131n\u0131 tutuyor ve m\u00fc\u015fterilerimizin beklentilerini en iyi \u015fekilde kar\u015f\u0131l\u0131yoruz. \u0130\u015fimizin temelinde iki sars\u0131lmaz s\u00f6z vard\u0131r:\n\nTazelik Garantisi: Sadece g\u00fcnl\u00fck, mevsimine uygun en canl\u0131 \u00e7i\u00e7ekleri se\u00e7eriz, b\u00f6ylece hediyeniz kal\u0131c\u0131l\u0131\u011f\u0131n\u0131 ve zarafetini korur.\n\nKi\u015fisel Dokunu\u015f: Seri \u00fcretimden uzaktay\u0131z. Her sipari\u015fi, kime gitti\u011fini ve hangi duyguyu ta\u015f\u0131d\u0131\u011f\u0131n\u0131 bilerek, ki\u015fiye \u00f6zel bir sanat eseri titizli\u011fiyle haz\u0131rlar\u0131z.\n\nHer An\u0131n\u0131zda Yan\u0131n\u0131zday\u0131z\n\u0130ster romantik bir gelin \u00e7i\u00e7e\u011fi aray\u0131\u015f\u0131nda olun, ister son dakika yeti\u015fmesi gereken bir tebrik buketi... \u0130lkim Flowers olarak, duygular\u0131n\u0131z\u0131 zaman\u0131nda, kusursuz ve en etkileyici \u015fekilde ula\u015ft\u0131rmay\u0131 taahh\u00fct ediyoruz. \u00c7\u00fcnk\u00fc biliyoruz ki, en g\u00fczel anlar beklemeye gelmez.\n\nSiz de duygular\u0131n\u0131z\u0131n en taze halini ke\u015ffetmek isterseniz, sizi buti\u011fimize veya online sipari\u015f hatt\u0131m\u0131za bekliyoruz.\n\n\u0130lkim Flowers \u2013 Her Ba\u015flang\u0131c\u0131n En G\u00fczel Tan\u0131\u011f\u0131.<\/p>\t\t\t\t<\/div>\n\t\t\t\t<\/div>\n\t\t\t\t\t<\/div>\n\t\t\t\t<\/div>\n\t\t<div class=\"elementor-element elementor-element-9a7f359 e-grid e-con-boxed kitify-col-width-auto-no ignore-docs-style-no kitify-disable-relative-no e-root-container elementor-top-section e-con e-parent\" data-id=\"9a7f359\" data-element_type=\"container\">\n\t\t\t\t\t<div class=\"e-con-inner\">\n\t\t<div class=\"elementor-element elementor-element-52113a5 e-con-full e-flex kitify-col-width-auto-no ignore-docs-style-no kitify-disable-relative-no elementor-invisible kitify-has-entrance-animation e-con e-child\" data-id=\"52113a5\" data-element_type=\"container\" data-settings=\"{&quot;animation&quot;:&quot;kitifyShortFadeInUp&quot;}\">\n\t\t\t\t<div class=\"elementor-element elementor-element-5fbb239 elementor-widget elementor-widget-counter\" data-id=\"5fbb239\" data-element_type=\"widget\" data-widget_type=\"counter.default\">\n\t\t\t\t\t\t\t<div class=\"elementor-counter\">\n\t\t\t<div class=\"elementor-counter-title\">\u00dcr\u00fcn Se\u00e7ene\u011fi<\/div>\t\t\t<div class=\"elementor-counter-number-wrapper\">\n\t\t\t\t<span class=\"elementor-counter-number-prefix\"><\/span>\n\t\t\t\t<span class=\"elementor-counter-number\" data-duration=\"2000\" data-to-value=\"1450\" data-from-value=\"0\" data-delimiter=\",\">0<\/span>\n\t\t\t\t<span class=\"elementor-counter-number-suffix\">+<\/span>\n\t\t\t<\/div>\n\t\t<\/div>\n\t\t\t\t\t\t<\/div>\n\t\t\t\t<\/div>\n\t\t<div class=\"elementor-element elementor-element-b0e27af e-con-full e-flex kitify-col-width-auto-no ignore-docs-style-no kitify-disable-relative-no elementor-invisible kitify-has-entrance-animation e-con e-child\" data-id=\"b0e27af\" data-element_type=\"container\" data-settings=\"{&quot;animation&quot;:&quot;kitifyShortFadeInUp&quot;,&quot;animation_delay&quot;:400}\">\n\t\t\t\t<div class=\"elementor-element elementor-element-1bab4be elementor-widget elementor-widget-counter\" data-id=\"1bab4be\" data-element_type=\"widget\" data-widget_type=\"counter.default\">\n\t\t\t\t\t\t\t<div class=\"elementor-counter\">\n\t\t\t<div class=\"elementor-counter-title\">Y\u0131ll\u0131k deneyim<\/div>\t\t\t<div class=\"elementor-counter-number-wrapper\">\n\t\t\t\t<span class=\"elementor-counter-number-prefix\"><\/span>\n\t\t\t\t<span class=\"elementor-counter-number\" data-duration=\"2000\" data-to-value=\"25\" data-from-value=\"0\" data-delimiter=\",\">0<\/span>\n\t\t\t\t<span class=\"elementor-counter-number-suffix\">+<\/span>\n\t\t\t<\/div>\n\t\t<\/div>\n\t\t\t\t\t\t<\/div>\n\t\t\t\t<\/div>\n\t\t<div class=\"elementor-element elementor-element-92ed50e e-con-full e-flex kitify-col-width-auto-no ignore-docs-style-no kitify-disable-relative-no elementor-invisible kitify-has-entrance-animation e-con e-child\" data-id=\"92ed50e\" data-element_type=\"container\" data-settings=\"{&quot;animation&quot;:&quot;kitifyShortFadeInUp&quot;,&quot;animation_delay&quot;:500}\">\n\t\t\t\t<div class=\"elementor-element elementor-element-29e5f94 elementor-widget elementor-widget-counter\" data-id=\"29e5f94\" data-element_type=\"widget\" data-widget_type=\"counter.default\">\n\t\t\t\t\t\t\t<div class=\"elementor-counter\">\n\t\t\t<div class=\"elementor-counter-title\">Mutlu M\u00fc\u015fteri<\/div>\t\t\t<div class=\"elementor-counter-number-wrapper\">\n\t\t\t\t<span class=\"elementor-counter-number-prefix\"><\/span>\n\t\t\t\t<span class=\"elementor-counter-number\" data-duration=\"2000\" data-to-value=\"3600\" data-from-value=\"0\" data-delimiter=\",\">0<\/span>\n\t\t\t\t<span class=\"elementor-counter-number-suffix\">+<\/span>\n\t\t\t<\/div>\n\t\t<\/div>\n\t\t\t\t\t\t<\/div>\n\t\t\t\t<\/div>\n\t\t\t\t\t<\/div>\n\t\t\t\t<\/div>\n\t\t<div class=\"elementor-element elementor-element-84f5918 e-flex e-con-boxed kitify-col-width-auto-no ignore-docs-style-no kitify-disable-relative-no e-root-container elementor-top-section e-con e-parent\" data-id=\"84f5918\" data-element_type=\"container\">\n\t\t\t\t\t<div class=\"e-con-inner\">\n\t\t<div class=\"elementor-element elementor-element-fbcb551 e-con-full e-flex kitify-col-width-auto-no ignore-docs-style-no kitify-disable-relative-no elementor-invisible kitify-has-entrance-animation e-con e-child\" data-id=\"fbcb551\" data-element_type=\"container\" data-settings=\"{&quot;animation&quot;:&quot;kitifyShortFadeInUp&quot;}\">\n\t\t\t\t<div class=\"elementor-element elementor-element-9af871c elementor-widget elementor-widget-heading\" data-id=\"9af871c\" data-element_type=\"widget\" data-widget_type=\"heading.default\">\n\t\t\t\t\t<h2 class=\"elementor-heading-title elementor-size-default\">Bizi \u0130nstagramdan Takip Edin!<\/h2>\t\t\t\t<\/div>\n\t\t\t\t<\/div>\n\t\t<div class=\"elementor-element elementor-element-60621ca e-con-full e-flex kitify-col-width-auto-no ignore-docs-style-no kitify-disable-relative-no elementor-invisible kitify-has-entrance-animation e-con e-child\" data-id=\"60621ca\" data-element_type=\"container\" data-settings=\"{&quot;animation&quot;:&quot;kitifyShortFadeInUp&quot;,&quot;animation_delay&quot;:500}\">\n\t\t\t\t<div class=\"elementor-element elementor-element-7648066 imagelayout-preset-type-1 elementor-widget kitify elementor-kitify-images-layout\" data-id=\"7648066\" data-element_type=\"widget\" data-widget_type=\"kitify-images-layout.default\">\n\t\t\t\t<div class=\"elementor-widget-container\">\n\t\t\t\t\t\n<div class=\"kitify-images-layout layout-type-grid preset-type-1 kitify-masonry-wrapper\" data-item_selector=\".kitify-images-layout__item\"  data-kitifymasonry_itemselector=\".kitify-images-layout__item\" data-kitifymasonry_wrap=\".kitify-images-layout__list\">\n        <div class=\"kitify-images-layout__list_wrapper\">\n        <div class=\"kitify-images-layout__list col-row\">\n            <div class=\"kitify-images-layout__item  col-desk-3 col-lap-3 col-tab-3 col-tabp-3\">\n\t<div class=\"kitify-images-layout__inner\">\n\t\t<a class=\"kitify-images-layout__link\" href=\"https:\/\/ilkim.orionacreative.com\/wp-content\/uploads\/2025\/09\/dogumgunu.webp\" data-elementor-open-lightbox=\"yes\" data-elementor-lightbox-slideshow=\"7648066\">\n\t\t\t<div class=\"kitify-images-layout__image\"><img loading=\"lazy\" decoding=\"async\" src=\"https:\/\/karabukcicek.com\/wp-content\/uploads\/2025\/09\/dogumgunu.webp\" data-src=\"https:\/\/karabukcicek.com\/wp-content\/uploads\/2025\/09\/dogumgunu.webp\" alt=\"\" loading=\"lazy\" class=\"kitify-images-layout__image-instance\" width=\"1192\" height=\"1192\" srcset=\"https:\/\/karabukcicek.com\/wp-content\/uploads\/2025\/09\/dogumgunu.webp\" style=\"--img-height:1192px\">\t\t\t<\/div>\n\t\t\t<div class=\"kitify-images-layout__content\"><div class=\"kitify-images-layout__icon\"><div class=\"kitify-images-layout-icon-inner\"><svg aria-hidden=\"true\" class=\"e-font-icon-svg e-fab-instagram\" viewBox=\"0 0 448 512\" xmlns=\"http:\/\/www.w3.org\/2000\/svg\"><path d=\"M224.1 141c-63.6 0-114.9 51.3-114.9 114.9s51.3 114.9 114.9 114.9S339 319.5 339 255.9 287.7 141 224.1 141zm0 189.6c-41.1 0-74.7-33.5-74.7-74.7s33.5-74.7 74.7-74.7 74.7 33.5 74.7 74.7-33.6 74.7-74.7 74.7zm146.4-194.3c0 14.9-12 26.8-26.8 26.8-14.9 0-26.8-12-26.8-26.8s12-26.8 26.8-26.8 26.8 12 26.8 26.8zm76.1 27.2c-1.7-35.9-9.9-67.7-36.2-93.9-26.2-26.2-58-34.4-93.9-36.2-37-2.1-147.9-2.1-184.9 0-35.8 1.7-67.6 9.9-93.9 36.1s-34.4 58-36.2 93.9c-2.1 37-2.1 147.9 0 184.9 1.7 35.9 9.9 67.7 36.2 93.9s58 34.4 93.9 36.2c37 2.1 147.9 2.1 184.9 0 35.9-1.7 67.7-9.9 93.9-36.2 26.2-26.2 34.4-58 36.2-93.9 2.1-37 2.1-147.8 0-184.8zM398.8 388c-7.8 19.6-22.9 34.7-42.6 42.6-29.5 11.7-99.5 9-132.1 9s-102.7 2.6-132.1-9c-19.6-7.8-34.7-22.9-42.6-42.6-11.7-29.5-9-99.5-9-132.1s-2.6-102.7 9-132.1c7.8-19.6 22.9-34.7 42.6-42.6 29.5-11.7 99.5-9 132.1-9s102.7-2.6 132.1 9c19.6 7.8 34.7 22.9 42.6 42.6 11.7 29.5 9 99.5 9 132.1s2.7 102.7-9 132.1z\"><\/path><\/svg><\/div><\/div><\/div>\n\t\t<\/a>\n\t<\/div>\n<\/div><div class=\"kitify-images-layout__item  col-desk-3 col-lap-3 col-tab-3 col-tabp-3\">\n\t<div class=\"kitify-images-layout__inner\">\n\t\t<a class=\"kitify-images-layout__link\" href=\"https:\/\/ilkim.orionacreative.com\/wp-content\/uploads\/2025\/09\/guller.webp\" data-elementor-open-lightbox=\"yes\" data-elementor-lightbox-slideshow=\"7648066\">\n\t\t\t<div class=\"kitify-images-layout__image\"><img loading=\"lazy\" decoding=\"async\" src=\"https:\/\/karabukcicek.com\/wp-content\/uploads\/2025\/09\/guller.webp\" data-src=\"https:\/\/karabukcicek.com\/wp-content\/uploads\/2025\/09\/guller.webp\" alt=\"\" loading=\"lazy\" class=\"kitify-images-layout__image-instance\" width=\"1192\" height=\"1192\" srcset=\"https:\/\/karabukcicek.com\/wp-content\/uploads\/2025\/09\/guller.webp\" style=\"--img-height:1192px\">\t\t\t<\/div>\n\t\t\t<div class=\"kitify-images-layout__content\"><div class=\"kitify-images-layout__icon\"><div class=\"kitify-images-layout-icon-inner\"><svg aria-hidden=\"true\" class=\"e-font-icon-svg e-fab-instagram\" viewBox=\"0 0 448 512\" xmlns=\"http:\/\/www.w3.org\/2000\/svg\"><path d=\"M224.1 141c-63.6 0-114.9 51.3-114.9 114.9s51.3 114.9 114.9 114.9S339 319.5 339 255.9 287.7 141 224.1 141zm0 189.6c-41.1 0-74.7-33.5-74.7-74.7s33.5-74.7 74.7-74.7 74.7 33.5 74.7 74.7-33.6 74.7-74.7 74.7zm146.4-194.3c0 14.9-12 26.8-26.8 26.8-14.9 0-26.8-12-26.8-26.8s12-26.8 26.8-26.8 26.8 12 26.8 26.8zm76.1 27.2c-1.7-35.9-9.9-67.7-36.2-93.9-26.2-26.2-58-34.4-93.9-36.2-37-2.1-147.9-2.1-184.9 0-35.8 1.7-67.6 9.9-93.9 36.1s-34.4 58-36.2 93.9c-2.1 37-2.1 147.9 0 184.9 1.7 35.9 9.9 67.7 36.2 93.9s58 34.4 93.9 36.2c37 2.1 147.9 2.1 184.9 0 35.9-1.7 67.7-9.9 93.9-36.2 26.2-26.2 34.4-58 36.2-93.9 2.1-37 2.1-147.8 0-184.8zM398.8 388c-7.8 19.6-22.9 34.7-42.6 42.6-29.5 11.7-99.5 9-132.1 9s-102.7 2.6-132.1-9c-19.6-7.8-34.7-22.9-42.6-42.6-11.7-29.5-9-99.5-9-132.1s-2.6-102.7 9-132.1c7.8-19.6 22.9-34.7 42.6-42.6 29.5-11.7 99.5-9 132.1-9s102.7-2.6 132.1 9c19.6 7.8 34.7 22.9 42.6 42.6 11.7 29.5 9 99.5 9 132.1s2.7 102.7-9 132.1z\"><\/path><\/svg><\/div><\/div><\/div>\n\t\t<\/a>\n\t<\/div>\n<\/div><div class=\"kitify-images-layout__item  col-desk-3 col-lap-3 col-tab-3 col-tabp-3\">\n\t<div class=\"kitify-images-layout__inner\">\n\t\t<a class=\"kitify-images-layout__link\" href=\"https:\/\/ilkim.orionacreative.com\/wp-content\/uploads\/2025\/09\/hediye.webp\" data-elementor-open-lightbox=\"yes\" data-elementor-lightbox-slideshow=\"7648066\">\n\t\t\t<div class=\"kitify-images-layout__image\"><img loading=\"lazy\" decoding=\"async\" src=\"https:\/\/karabukcicek.com\/wp-content\/uploads\/2025\/09\/hediye.webp\" data-src=\"https:\/\/karabukcicek.com\/wp-content\/uploads\/2025\/09\/hediye.webp\" alt=\"\" loading=\"lazy\" class=\"kitify-images-layout__image-instance\" width=\"1192\" height=\"1192\" srcset=\"https:\/\/karabukcicek.com\/wp-content\/uploads\/2025\/09\/hediye.webp\" style=\"--img-height:1192px\">\t\t\t<\/div>\n\t\t\t<div class=\"kitify-images-layout__content\"><div class=\"kitify-images-layout__icon\"><div class=\"kitify-images-layout-icon-inner\"><svg aria-hidden=\"true\" class=\"e-font-icon-svg e-fab-instagram\" viewBox=\"0 0 448 512\" xmlns=\"http:\/\/www.w3.org\/2000\/svg\"><path d=\"M224.1 141c-63.6 0-114.9 51.3-114.9 114.9s51.3 114.9 114.9 114.9S339 319.5 339 255.9 287.7 141 224.1 141zm0 189.6c-41.1 0-74.7-33.5-74.7-74.7s33.5-74.7 74.7-74.7 74.7 33.5 74.7 74.7-33.6 74.7-74.7 74.7zm146.4-194.3c0 14.9-12 26.8-26.8 26.8-14.9 0-26.8-12-26.8-26.8s12-26.8 26.8-26.8 26.8 12 26.8 26.8zm76.1 27.2c-1.7-35.9-9.9-67.7-36.2-93.9-26.2-26.2-58-34.4-93.9-36.2-37-2.1-147.9-2.1-184.9 0-35.8 1.7-67.6 9.9-93.9 36.1s-34.4 58-36.2 93.9c-2.1 37-2.1 147.9 0 184.9 1.7 35.9 9.9 67.7 36.2 93.9s58 34.4 93.9 36.2c37 2.1 147.9 2.1 184.9 0 35.9-1.7 67.7-9.9 93.9-36.2 26.2-26.2 34.4-58 36.2-93.9 2.1-37 2.1-147.8 0-184.8zM398.8 388c-7.8 19.6-22.9 34.7-42.6 42.6-29.5 11.7-99.5 9-132.1 9s-102.7 2.6-132.1-9c-19.6-7.8-34.7-22.9-42.6-42.6-11.7-29.5-9-99.5-9-132.1s-2.6-102.7 9-132.1c7.8-19.6 22.9-34.7 42.6-42.6 29.5-11.7 99.5-9 132.1-9s102.7-2.6 132.1 9c19.6 7.8 34.7 22.9 42.6 42.6 11.7 29.5 9 99.5 9 132.1s2.7 102.7-9 132.1z\"><\/path><\/svg><\/div><\/div><\/div>\n\t\t<\/a>\n\t<\/div>\n<\/div><div class=\"kitify-images-layout__item  col-desk-3 col-lap-3 col-tab-3 col-tabp-3\">\n\t<div class=\"kitify-images-layout__inner\">\n\t\t<a class=\"kitify-images-layout__link\" href=\"https:\/\/ilkim.orionacreative.com\/wp-content\/uploads\/2025\/09\/saksiurunleri.webp\" data-elementor-open-lightbox=\"yes\" data-elementor-lightbox-slideshow=\"7648066\">\n\t\t\t<div class=\"kitify-images-layout__image\"><img loading=\"lazy\" decoding=\"async\" src=\"https:\/\/karabukcicek.com\/wp-content\/uploads\/2025\/09\/saksiurunleri.webp\" data-src=\"https:\/\/karabukcicek.com\/wp-content\/uploads\/2025\/09\/saksiurunleri.webp\" alt=\"\" loading=\"lazy\" class=\"kitify-images-layout__image-instance\" width=\"1192\" height=\"1192\" srcset=\"https:\/\/karabukcicek.com\/wp-content\/uploads\/2025\/09\/saksiurunleri.webp\" style=\"--img-height:1192px\">\t\t\t<\/div>\n\t\t\t<div class=\"kitify-images-layout__content\"><div class=\"kitify-images-layout__icon\"><div class=\"kitify-images-layout-icon-inner\"><svg aria-hidden=\"true\" class=\"e-font-icon-svg e-fab-instagram\" viewBox=\"0 0 448 512\" xmlns=\"http:\/\/www.w3.org\/2000\/svg\"><path d=\"M224.1 141c-63.6 0-114.9 51.3-114.9 114.9s51.3 114.9 114.9 114.9S339 319.5 339 255.9 287.7 141 224.1 141zm0 189.6c-41.1 0-74.7-33.5-74.7-74.7s33.5-74.7 74.7-74.7 74.7 33.5 74.7 74.7-33.6 74.7-74.7 74.7zm146.4-194.3c0 14.9-12 26.8-26.8 26.8-14.9 0-26.8-12-26.8-26.8s12-26.8 26.8-26.8 26.8 12 26.8 26.8zm76.1 27.2c-1.7-35.9-9.9-67.7-36.2-93.9-26.2-26.2-58-34.4-93.9-36.2-37-2.1-147.9-2.1-184.9 0-35.8 1.7-67.6 9.9-93.9 36.1s-34.4 58-36.2 93.9c-2.1 37-2.1 147.9 0 184.9 1.7 35.9 9.9 67.7 36.2 93.9s58 34.4 93.9 36.2c37 2.1 147.9 2.1 184.9 0 35.9-1.7 67.7-9.9 93.9-36.2 26.2-26.2 34.4-58 36.2-93.9 2.1-37 2.1-147.8 0-184.8zM398.8 388c-7.8 19.6-22.9 34.7-42.6 42.6-29.5 11.7-99.5 9-132.1 9s-102.7 2.6-132.1-9c-19.6-7.8-34.7-22.9-42.6-42.6-11.7-29.5-9-99.5-9-132.1s-2.6-102.7 9-132.1c7.8-19.6 22.9-34.7 42.6-42.6 29.5-11.7 99.5-9 132.1-9s102.7-2.6 132.1 9c19.6 7.8 34.7 22.9 42.6 42.6 11.7 29.5 9 99.5 9 132.1s2.7 102.7-9 132.1z\"><\/path><\/svg><\/div><\/div><\/div>\n\t\t<\/a>\n\t<\/div>\n<\/div><div class=\"kitify-images-layout__item  col-desk-3 col-lap-3 col-tab-3 col-tabp-3\">\n\t<div class=\"kitify-images-layout__inner\">\n\t\t<a class=\"kitify-images-layout__link\" href=\"https:\/\/ilkim.orionacreative.com\/wp-content\/uploads\/2025\/09\/orkide-1.webp\" data-elementor-open-lightbox=\"yes\" data-elementor-lightbox-slideshow=\"7648066\">\n\t\t\t<div class=\"kitify-images-layout__image\"><img loading=\"lazy\" decoding=\"async\" src=\"https:\/\/karabukcicek.com\/wp-content\/uploads\/2025\/09\/orkide-1.webp\" data-src=\"https:\/\/karabukcicek.com\/wp-content\/uploads\/2025\/09\/orkide-1.webp\" alt=\"\" loading=\"lazy\" class=\"kitify-images-layout__image-instance\" width=\"1192\" height=\"1192\" srcset=\"https:\/\/karabukcicek.com\/wp-content\/uploads\/2025\/09\/orkide-1.webp\" style=\"--img-height:1192px\">\t\t\t<\/div>\n\t\t\t<div class=\"kitify-images-layout__content\"><div class=\"kitify-images-layout__icon\"><div class=\"kitify-images-layout-icon-inner\"><svg aria-hidden=\"true\" class=\"e-font-icon-svg e-fab-instagram\" viewBox=\"0 0 448 512\" xmlns=\"http:\/\/www.w3.org\/2000\/svg\"><path d=\"M224.1 141c-63.6 0-114.9 51.3-114.9 114.9s51.3 114.9 114.9 114.9S339 319.5 339 255.9 287.7 141 224.1 141zm0 189.6c-41.1 0-74.7-33.5-74.7-74.7s33.5-74.7 74.7-74.7 74.7 33.5 74.7 74.7-33.6 74.7-74.7 74.7zm146.4-194.3c0 14.9-12 26.8-26.8 26.8-14.9 0-26.8-12-26.8-26.8s12-26.8 26.8-26.8 26.8 12 26.8 26.8zm76.1 27.2c-1.7-35.9-9.9-67.7-36.2-93.9-26.2-26.2-58-34.4-93.9-36.2-37-2.1-147.9-2.1-184.9 0-35.8 1.7-67.6 9.9-93.9 36.1s-34.4 58-36.2 93.9c-2.1 37-2.1 147.9 0 184.9 1.7 35.9 9.9 67.7 36.2 93.9s58 34.4 93.9 36.2c37 2.1 147.9 2.1 184.9 0 35.9-1.7 67.7-9.9 93.9-36.2 26.2-26.2 34.4-58 36.2-93.9 2.1-37 2.1-147.8 0-184.8zM398.8 388c-7.8 19.6-22.9 34.7-42.6 42.6-29.5 11.7-99.5 9-132.1 9s-102.7 2.6-132.1-9c-19.6-7.8-34.7-22.9-42.6-42.6-11.7-29.5-9-99.5-9-132.1s-2.6-102.7 9-132.1c7.8-19.6 22.9-34.7 42.6-42.6 29.5-11.7 99.5-9 132.1-9s102.7-2.6 132.1 9c19.6 7.8 34.7 22.9 42.6 42.6 11.7 29.5 9 99.5 9 132.1s2.7 102.7-9 132.1z\"><\/path><\/svg><\/div><\/div><\/div>\n\t\t<\/a>\n\t<\/div>\n<\/div><div class=\"kitify-images-layout__item  col-desk-3 col-lap-3 col-tab-3 col-tabp-3\">\n\t<div class=\"kitify-images-layout__inner\">\n\t\t<a class=\"kitify-images-layout__link\" href=\"https:\/\/ilkim.orionacreative.com\/wp-content\/uploads\/2025\/09\/firsaturunler.webp\" data-elementor-open-lightbox=\"yes\" data-elementor-lightbox-slideshow=\"7648066\">\n\t\t\t<div class=\"kitify-images-layout__image\"><img loading=\"lazy\" decoding=\"async\" src=\"https:\/\/karabukcicek.com\/wp-content\/uploads\/2025\/09\/firsaturunler.webp\" data-src=\"https:\/\/karabukcicek.com\/wp-content\/uploads\/2025\/09\/firsaturunler.webp\" alt=\"\" loading=\"lazy\" class=\"kitify-images-layout__image-instance\" width=\"1192\" height=\"1192\" srcset=\"https:\/\/karabukcicek.com\/wp-content\/uploads\/2025\/09\/firsaturunler.webp\" style=\"--img-height:1192px\">\t\t\t<\/div>\n\t\t\t<div class=\"kitify-images-layout__content\"><div class=\"kitify-images-layout__icon\"><div class=\"kitify-images-layout-icon-inner\"><svg aria-hidden=\"true\" class=\"e-font-icon-svg e-fab-instagram\" viewBox=\"0 0 448 512\" xmlns=\"http:\/\/www.w3.org\/2000\/svg\"><path d=\"M224.1 141c-63.6 0-114.9 51.3-114.9 114.9s51.3 114.9 114.9 114.9S339 319.5 339 255.9 287.7 141 224.1 141zm0 189.6c-41.1 0-74.7-33.5-74.7-74.7s33.5-74.7 74.7-74.7 74.7 33.5 74.7 74.7-33.6 74.7-74.7 74.7zm146.4-194.3c0 14.9-12 26.8-26.8 26.8-14.9 0-26.8-12-26.8-26.8s12-26.8 26.8-26.8 26.8 12 26.8 26.8zm76.1 27.2c-1.7-35.9-9.9-67.7-36.2-93.9-26.2-26.2-58-34.4-93.9-36.2-37-2.1-147.9-2.1-184.9 0-35.8 1.7-67.6 9.9-93.9 36.1s-34.4 58-36.2 93.9c-2.1 37-2.1 147.9 0 184.9 1.7 35.9 9.9 67.7 36.2 93.9s58 34.4 93.9 36.2c37 2.1 147.9 2.1 184.9 0 35.9-1.7 67.7-9.9 93.9-36.2 26.2-26.2 34.4-58 36.2-93.9 2.1-37 2.1-147.8 0-184.8zM398.8 388c-7.8 19.6-22.9 34.7-42.6 42.6-29.5 11.7-99.5 9-132.1 9s-102.7 2.6-132.1-9c-19.6-7.8-34.7-22.9-42.6-42.6-11.7-29.5-9-99.5-9-132.1s-2.6-102.7 9-132.1c7.8-19.6 22.9-34.7 42.6-42.6 29.5-11.7 99.5-9 132.1-9s102.7-2.6 132.1 9c19.6 7.8 34.7 22.9 42.6 42.6 11.7 29.5 9 99.5 9 132.1s2.7 102.7-9 132.1z\"><\/path><\/svg><\/div><\/div><\/div>\n\t\t<\/a>\n\t<\/div>\n<\/div>        <\/div>\n    <\/div>\n    <\/div>\t\t\t\t<\/div>\n\t\t\t\t<\/div>\n\t\t\t\t<\/div>\n\t\t\t\t\t<\/div>\n\t\t\t\t<\/div>\n\t\t\t\t<\/div>\n\t\t","protected":false},"excerpt":{"rendered":"<p>Biz Kimiz? Harika, \u0130lkim Flowers markan\u0131z\u0131n ismine ve duygusal de\u011ferine odaklanan, profesyonel bir &#8220;Hakk\u0131m\u0131zda&#8221; yaz\u0131s\u0131 tasla\u011f\u0131 haz\u0131rlad\u0131m. Bu metin hem duygusal ba\u011f kuracak hem de yerel g\u00fcveni vurgulayacakt\u0131r. Hakk\u0131m\u0131zda: \u0130lkim Flowers Duygular\u0131n Ba\u015flad\u0131\u011f\u0131 Yer Biz, \u0130lkim Flowers ekibi, bir \u00e7i\u00e7e\u011fin yaln\u0131zca bir hediye de\u011fil, hayat\u0131n en \u00f6zel &#8220;ilk&#8221; anlar\u0131n\u0131n zarif bir tan\u0131\u011f\u0131 oldu\u011funa inan\u0131yoruz. \u0130lk bulu\u015fman\u0131n heyecan\u0131ndan, ilk y\u0131ld\u00f6n\u00fcm\u00fcn\u00fcn kutlamas\u0131na,\u2026<\/p>\n","protected":false},"author":1,"featured_media":0,"parent":0,"menu_order":0,"comment_status":"closed","ping_status":"closed","template":"","meta":{"footnotes":""},"class_list":["post-7019","page","type-page","status-publish","hentry"],"_links":{"self":[{"href":"https:\/\/karabukcicek.com\/index.php?rest_route=\/wp\/v2\/pages\/7019","targetHints":{"allow":["GET"]}}],"collection":[{"href":"https:\/\/karabukcicek.com\/index.php?rest_route=\/wp\/v2\/pages"}],"about":[{"href":"https:\/\/karabukcicek.com\/index.php?rest_route=\/wp\/v2\/types\/page"}],"author":[{"embeddable":true,"href":"https:\/\/karabukcicek.com\/index.php?rest_route=\/wp\/v2\/users\/1"}],"replies":[{"embeddable":true,"href":"https:\/\/karabukcicek.com\/index.php?rest_route=%2Fwp%2Fv2%2Fcomments&post=7019"}],"version-history":[{"count":7,"href":"https:\/\/karabukcicek.com\/index.php?rest_route=\/wp\/v2\/pages\/7019\/revisions"}],"predecessor-version":[{"id":7518,"href":"https:\/\/karabukcicek.com\/index.php?rest_route=\/wp\/v2\/pages\/7019\/revisions\/7518"}],"wp:attachment":[{"href":"https:\/\/karabukcicek.com\/index.php?rest_route=%2Fwp%2Fv2%2Fmedia&parent=7019"}],"curies":[{"name":"wp","href":"https:\/\/api.w.org\/{rel}","templated":true}]}}